{"id":1477,"date":"2023-01-16T14:23:35","date_gmt":"2023-01-16T13:23:35","guid":{"rendered":"https:\/\/www.lecomptoirjunasol.coop\/?page_id=1477"},"modified":"2026-03-10T10:54:07","modified_gmt":"2026-03-10T09:54:07","slug":"page-daccueil","status":"publish","type":"page","link":"https:\/\/www.lecomptoirjunasol.coop\/","title":{"rendered":"accueil"},"content":{"rendered":"\t\t<div data-elementor-type=\"wp-page\" data-elementor-id=\"1477\" class=\"elementor elementor-1477\">\n\t\t\t\t\t\t<section class=\"elementor-section elementor-top-section elementor-element elementor-element-c5575ca elementor-section-boxed elementor-section-height-default elementor-section-height-default\" data-id=\"c5575ca\" data-element_type=\"section\">\n\t\t\t\t\t\t<div class=\"elementor-container elementor-column-gap-default\">\n\t\t\t\t\t<div class=\"elementor-column elementor-col-50 elementor-top-column elementor-element elementor-element-204d235\" data-id=\"204d235\" data-element_type=\"column\">\n\t\t\t<div class=\"elementor-widget-wrap elementor-element-populated\">\n\t\t\t\t\t\t<div class=\"elementor-element elementor-element-77c34f0 elementor-widget elementor-widget-heading\" data-id=\"77c34f0\" data-element_type=\"widget\" data-widget_type=\"heading.default\">\n\t\t\t\t<div class=\"elementor-widget-container\">\n\t\t\t\t\t<h3 class=\"elementor-heading-title elementor-size-default\">Ouvert du lundi au samedi, 9h00-12h30 et 16h00-19h30<\/h3>\t\t\t\t<\/div>\n\t\t\t\t<\/div>\n\t\t\t\t<div class=\"elementor-element elementor-element-35e1aed elementor-widget elementor-widget-html\" data-id=\"35e1aed\" data-element_type=\"widget\" data-widget_type=\"html.default\">\n\t\t\t\t<div class=\"elementor-widget-container\">\n\t\t\t\t\t<form method=\"post\" action=\"https:\/\/newsletter.infomaniak.com\/v3\/api\/1\/newsletters\/webforms\/19646\/submit\" class=\"inf-form\"><input type=\"email\" name=\"email\" style=\"display:none\" \/><input type=\"hidden\" name=\"key\" value=\"eyJpdiI6Im03OVwvc1N3elFnUmlPWGR3bW5uTWhLWnN4YWtxRFVObVBRbFVDR1E4TktRPSIsIm1hYyI6IjJiY2Y3YmYwY2IyMzJkNGMzZGYzMmZkMDc1OTQ4ODJjMzkwMWIwMDgyMzZkOGRmMTIzYjk1ZWI3ZmNjYjE5MmIiLCJ2YWx1ZSI6IlVXSGM2QUVBYUhHNklWdHAyVXowKzZteStZVzI5d0lCSkloXC9hcVZ6Ylc4PSJ9\"><input type=\"hidden\" name=\"webform_id\" value=\"19646\"><style> .inf-main_d61a328561119583444e250036006e81{ background-color:#7FB09A; padding:25px 20px; margin:25px auto; } .inf-main_d61a328561119583444e250036006e81 .inf-content { margin-top:13px;} .inf-main_d61a328561119583444e250036006e81 h4, .inf-main_d61a328561119583444e250036006e81 span, .inf-main_d61a328561119583444e250036006e81 label, .inf-main_d61a328561119583444e250036006e81 input, .inf-main_d61a328561119583444e250036006e81 .inf-submit, .inf-main_d61a328561119583444e250036006e81 .inf-success p a { color:#ffffff; font-size:14px; } .inf-main_d61a328561119583444e250036006e81 h4{ font-size:18px; margin:0px 0px 13px 0px; } .inf-main_d61a328561119583444e250036006e81 h4, .inf-main_d61a328561119583444e250036006e81 label{ font-weight:bold; } .inf-main_d61a328561119583444e250036006e81 .inf-input { margin-bottom:7px; } .inf-main_d61a328561119583444e250036006e81 label { display:block;} .inf-main_d61a328561119583444e250036006e81 input{ height:35px; color:#999999; border: 1px solid #E9E9E9; padding-left:7px; } .inf-main_d61a328561119583444e250036006e81 .inf-input.inf-error label, .inf-main_d61a328561119583444e250036006e81 .inf-input.inf-error span.inf-message{ color: #cc0033; } .inf-main_d61a328561119583444e250036006e81 .inf-input.inf-error input{ border: 1px solid #cc0033; } .inf-main_d61a328561119583444e250036006e81 .inf-input input { width:100%;} .inf-main_d61a328561119583444e250036006e81 .inf-input.inf-error span.inf-message { display: block; } .inf-main_d61a328561119583444e250036006e81 .inf-submit { text-align:right;} .inf-main_d61a328561119583444e250036006e81 .inf-submit input{ background-color:#597F6E; color:#ffffff; border:none; font-weight: normal; height:auto; padding:7px; } .inf-main_d61a328561119583444e250036006e81 .inf-submit input.disabled{ opacity: 0.4; } .inf-btn { color: rgb(85, 85, 85); border: medium none; font-weight: normal; height: auto; padding: 7px; display: inline-block; background-color: white; box-shadow: 0px 1px 1px rgba(0, 0, 0, 0.24); border-radius: 2px; line-height: 1em; } .inf-rgpd { margin:25px 0px 15px 0px; color:#ffffff; } <\/style><div class=\"inf-main_d61a328561119583444e250036006e81\"> <h4>Abonnez vous \u00e0 la Gazette<\/h4> <span>Restez connect\u00e9s pour ne rien manquer de l&#039;actualit\u00e9 du Comptoir! Nous vous invitons \u00e0 suivre de pr\u00e8s toutes les Nouvelles du Comptoir afin d&#039;\u00eatre inform\u00e9s en temps r\u00e9el. Vous y d\u00e9couvrirez les offres promotionnelles exclusives, les toutes derni\u00e8res nouveaut\u00e9s que nous proposons, et vous serez tenus au courant de tous les projets en cours sur lesquels nous travaillons actuellement. Ne passez \u00e0 c\u00f4t\u00e9 d&#039;aucune information importante : suivez r\u00e9guli\u00e8rement les actualit\u00e9s du Comptoir!<\/span> <div class=\"inf-success\" style=\"display:none\"> <h4>Votre inscription a \u00e9t\u00e9 enregistr\u00e9e avec succ\u00e8s !<\/h4> <p> <a href=\"#\" class=\"inf-btn\">&laquo;<\/a> <\/p> <\/div> <div class=\"inf-content\"> <div class=\"inf-input inf-input-text\"> <input type=\"email\" name=\"inf[1]\" data-inf-meta=\"1\" data-inf-error=\"\" required=\"required\" placeholder=\"Email *\" > <\/div> <div class=\"inf-rgpd\">Votre adresse de messagerie est uniquement utilis\u00e9e pour vous envoyer notre lettre d&#039;information ainsi que des informations concernant nos activit\u00e9s. Vous pouvez \u00e0 tout moment utiliser le lien de d\u00e9sabonnement int\u00e9gr\u00e9 dans chacun de nos mails.<\/div> <div style=\"\"> <label data-mcaptcha_url=\"https:\/\/captcha.infomaniak.com\/widget\/?sitekey=wKJaAigS1e48fWgqtjvg5w7rKA6QIwmy\" for=\"mcaptcha__token\" id=\"mcaptcha__token-label\"> <input type=\"text\" name=\"mcaptcha__token\" id=\"mcaptcha__token\" \/> <\/label> <div id=\"mcaptcha__widget-container\"><\/div> <script src=\"https:\/\/unpkg.com\/@mcaptcha\/vanilla-glue@0.1.0-rc2\/dist\/index.js\"><\/script> <\/div> <div class=\"inf-submit\"> <input type=\"submit\" style=\"margin-top: 25px;\" name=\"\" value=\"Valider\"> <\/div> <\/div> <\/div> <\/form>\t\t\t\t<\/div>\n\t\t\t\t<\/div>\n\t\t\t\t<div class=\"elementor-element elementor-element-ffab9ee elementor-widget__width-initial elementor-widget elementor-widget-heading\" data-id=\"ffab9ee\" data-element_type=\"widget\" data-widget_type=\"heading.default\">\n\t\t\t\t<div class=\"elementor-widget-container\">\n\t\t\t\t\t<h1 class=\"elementor-heading-title elementor-size-default\">Reportage<\/h1>\t\t\t\t<\/div>\n\t\t\t\t<\/div>\n\t\t\t\t<div class=\"elementor-element elementor-element-070c1d3 elementor-widget elementor-widget-html\" data-id=\"070c1d3\" data-element_type=\"widget\" data-widget_type=\"html.default\">\n\t\t\t\t<div class=\"elementor-widget-container\">\n\t\t\t\t\t<iframe width=\"100%\" height=\"300\" scrolling=\"no\" frameborder=\"no\" allow=\"autoplay\" src=\"https:\/\/w.soundcloud.com\/player\/?url=https%3A\/\/api.soundcloud.com\/tracks\/2057515800&color=%23ff5500&auto_play=false&hide_related=false&show_comments=true&show_user=true&show_reposts=false&show_teaser=true&visual=true\"><\/iframe><div style=\"font-size: 10px; color: #cccccc;line-break: anywhere;word-break: normal;overflow: hidden;white-space: nowrap;text-overflow: ellipsis; font-family: Interstate,Lucida Grande,Lucida Sans Unicode,Lucida Sans,Garuda,Verdana,Tahoma,sans-serif;font-weight: 100;\"><a href=\"https:\/\/soundcloud.com\/radiosommieres\" title=\"Radio Sommi\u00e8res - les reportages et interviews\" target=\"_blank\" style=\"color: #cccccc; text-decoration: none;\">Radio Sommi\u00e8res - les reportages et interviews<\/a> \u00b7 <a href=\"https:\/\/soundcloud.com\/radiosommieres\/lalimentation-toute-une-histoire-le-comptoir-junasol-epicerie-locale-a-junas-petr-vidourle-camargue\" title=\"L&#x27;alimentation toute une histoire-comptoir junasol \u00e9picerie Locale \u00e0 Junas-PETR Vidourle Camargue\" target=\"_blank\" style=\"color: #cccccc; text-decoration: none;\">L&#x27;alimentation toute une histoire-comptoir junasol \u00e9picerie Locale \u00e0 Junas-PETR Vidourle Camargue<\/a><\/div>\t\t\t\t<\/div>\n\t\t\t\t<\/div>\n\t\t\t\t\t<\/div>\n\t\t<\/div>\n\t\t\t\t<div class=\"elementor-column elementor-col-50 elementor-top-column elementor-element elementor-element-39dd762\" data-id=\"39dd762\" data-element_type=\"column\">\n\t\t\t<div class=\"elementor-widget-wrap elementor-element-populated\">\n\t\t\t\t\t\t<div class=\"elementor-element elementor-element-885a356 elementor-widget elementor-widget-image-carousel\" data-id=\"885a356\" data-element_type=\"widget\" data-settings=\"{&quot;slides_to_show&quot;:&quot;1&quot;,&quot;navigation&quot;:&quot;none&quot;,&quot;autoplay&quot;:&quot;yes&quot;,&quot;pause_on_hover&quot;:&quot;yes&quot;,&quot;pause_on_interaction&quot;:&quot;yes&quot;,&quot;autoplay_speed&quot;:5000,&quot;infinite&quot;:&quot;yes&quot;,&quot;effect&quot;:&quot;slide&quot;,&quot;speed&quot;:500}\" data-widget_type=\"image-carousel.default\">\n\t\t\t\t<div class=\"elementor-widget-container\">\n\t\t\t\t\t\t\t<div class=\"elementor-image-carousel-wrapper swiper\" role=\"region\" aria-roledescription=\"carousel\" aria-label=\"Carrousel d\u2019images\" dir=\"ltr\">\n\t\t\t<div class=\"elementor-image-carousel swiper-wrapper swiper-image-stretch\" aria-live=\"off\">\n\t\t\t\t\t\t\t\t<div class=\"swiper-slide\" role=\"group\" aria-roledescription=\"slide\" aria-label=\"1 sur 2\"><figure class=\"swiper-slide-inner\"><img decoding=\"async\" class=\"swiper-slide-image\" src=\"https:\/\/www.lecomptoirjunasol.coop\/wp-content\/uploads\/2023\/01\/Sans-titre-4-768x1024.jpg\" alt=\"Sans titre (4)\" \/><\/figure><\/div><div class=\"swiper-slide\" role=\"group\" aria-roledescription=\"slide\" aria-label=\"2 sur 2\"><figure class=\"swiper-slide-inner\"><img decoding=\"async\" class=\"swiper-slide-image\" src=\"https:\/\/www.lecomptoirjunasol.coop\/wp-content\/uploads\/2023\/01\/Sans-titre-3-768x1024.jpg\" alt=\"Sans titre (3)\" \/><\/figure><\/div>\t\t\t<\/div>\n\t\t\t\t\t\t\t\n\t\t\t\t\t\t\t\t\t<\/div>\n\t\t\t\t\t\t<\/div>\n\t\t\t\t<\/div>\n\t\t\t\t<div class=\"elementor-element elementor-element-1de1a10 elementor-widget__width-initial elementor-widget elementor-widget-image\" data-id=\"1de1a10\" data-element_type=\"widget\" data-widget_type=\"image.default\">\n\t\t\t\t<div class=\"elementor-widget-container\">\n\t\t\t\t\t\t\t\t\t\t\t\t\t\t\t<img decoding=\"async\" width=\"100\" height=\"100\" src=\"https:\/\/www.lecomptoirjunasol.coop\/wp-content\/uploads\/2025\/03\/coup-de-coeur-cover-intemotionnelle-intelligence-emotionnelle-100x100.jpg\" class=\"attachment-woocommerce_gallery_thumbnail size-woocommerce_gallery_thumbnail wp-image-3836\" alt=\"\" srcset=\"https:\/\/www.lecomptoirjunasol.coop\/wp-content\/uploads\/2025\/03\/coup-de-coeur-cover-intemotionnelle-intelligence-emotionnelle-100x100.jpg 100w, https:\/\/www.lecomptoirjunasol.coop\/wp-content\/uploads\/2025\/03\/coup-de-coeur-cover-intemotionnelle-intelligence-emotionnelle-150x150.jpg 150w\" sizes=\"(max-width: 100px) 100vw, 100px\" \/>\t\t\t\t\t\t\t\t\t\t\t\t\t\t\t<\/div>\n\t\t\t\t<\/div>\n\t\t\t\t<div class=\"elementor-element elementor-element-d6509db elementor-widget__width-initial elementor-widget elementor-widget-heading\" data-id=\"d6509db\" data-element_type=\"widget\" data-widget_type=\"heading.default\">\n\t\t\t\t<div class=\"elementor-widget-container\">\n\t\t\t\t\t<h2 class=\"elementor-heading-title elementor-size-default\">Coup de Coeur!!!<\/h2>\t\t\t\t<\/div>\n\t\t\t\t<\/div>\n\t\t\t\t<div class=\"elementor-element elementor-element-f9b23e9 elementor-widget elementor-widget-image-carousel\" data-id=\"f9b23e9\" data-element_type=\"widget\" data-settings=\"{&quot;slides_to_show&quot;:&quot;1&quot;,&quot;navigation&quot;:&quot;none&quot;,&quot;autoplay&quot;:&quot;yes&quot;,&quot;pause_on_hover&quot;:&quot;yes&quot;,&quot;pause_on_interaction&quot;:&quot;yes&quot;,&quot;autoplay_speed&quot;:5000,&quot;infinite&quot;:&quot;yes&quot;,&quot;effect&quot;:&quot;slide&quot;,&quot;speed&quot;:500}\" data-widget_type=\"image-carousel.default\">\n\t\t\t\t<div class=\"elementor-widget-container\">\n\t\t\t\t\t\t\t<div class=\"elementor-image-carousel-wrapper swiper\" role=\"region\" aria-roledescription=\"carousel\" aria-label=\"Carrousel d\u2019images\" dir=\"ltr\">\n\t\t\t<div class=\"elementor-image-carousel swiper-wrapper swiper-image-stretch\" aria-live=\"off\">\n\t\t\t\t\t\t\t\t<div class=\"swiper-slide\" role=\"group\" aria-roledescription=\"slide\" aria-label=\"1 sur 6\"><figure class=\"swiper-slide-inner\"><img decoding=\"async\" class=\"swiper-slide-image\" src=\"https:\/\/www.lecomptoirjunasol.coop\/wp-content\/uploads\/2025\/01\/or2exe5u.png\" alt=\"or2exe5u\" \/><\/figure><\/div><div class=\"swiper-slide\" role=\"group\" aria-roledescription=\"slide\" aria-label=\"2 sur 6\"><figure class=\"swiper-slide-inner\"><img decoding=\"async\" class=\"swiper-slide-image\" src=\"https:\/\/www.lecomptoirjunasol.coop\/wp-content\/uploads\/2025\/01\/1924609-47d65b92774e40.webp\" alt=\"1924609-47d65b92774e40\" \/><\/figure><\/div><div class=\"swiper-slide\" role=\"group\" aria-roledescription=\"slide\" aria-label=\"3 sur 6\"><figure class=\"swiper-slide-inner\"><img decoding=\"async\" class=\"swiper-slide-image\" src=\"https:\/\/www.lecomptoirjunasol.coop\/wp-content\/uploads\/2025\/01\/telecharger-2.jpg\" alt=\"t\u00e9l\u00e9charger (2)\" \/><\/figure><\/div><div class=\"swiper-slide\" role=\"group\" aria-roledescription=\"slide\" aria-label=\"4 sur 6\"><figure class=\"swiper-slide-inner\"><img decoding=\"async\" class=\"swiper-slide-image\" src=\"https:\/\/www.lecomptoirjunasol.coop\/wp-content\/uploads\/2025\/01\/92211166_3917083055000849_7257033908783415296_o-1920x1080-1-768x432.jpg\" alt=\"92211166_3917083055000849_7257033908783415296_o-1920x1080\" \/><\/figure><\/div><div class=\"swiper-slide\" role=\"group\" aria-roledescription=\"slide\" aria-label=\"5 sur 6\"><figure class=\"swiper-slide-inner\"><img decoding=\"async\" class=\"swiper-slide-image\" src=\"https:\/\/www.lecomptoirjunasol.coop\/wp-content\/uploads\/2025\/03\/041032_Z1.jpg\" alt=\"041032_Z1\" \/><\/figure><\/div><div class=\"swiper-slide\" role=\"group\" aria-roledescription=\"slide\" aria-label=\"6 sur 6\"><figure class=\"swiper-slide-inner\"><img decoding=\"async\" class=\"swiper-slide-image\" src=\"https:\/\/www.lecomptoirjunasol.coop\/wp-content\/uploads\/2025\/03\/orzo_cafe-c13bqt7g.png\" alt=\"orzo_cafe-c13bqt7g\" \/><\/figure><\/div>\t\t\t<\/div>\n\t\t\t\t\t\t\t\n\t\t\t\t\t\t\t\t\t<\/div>\n\t\t\t\t\t\t<\/div>\n\t\t\t\t<\/div>\n\t\t\t\t<div class=\"elementor-element elementor-element-0f05ab6 elementor-widget elementor-widget-image\" data-id=\"0f05ab6\" data-element_type=\"widget\" data-widget_type=\"image.default\">\n\t\t\t\t<div class=\"elementor-widget-container\">\n\t\t\t\t\t\t\t\t\t\t\t\t\t\t\t<img fetchpriority=\"high\" decoding=\"async\" width=\"940\" height=\"788\" src=\"https:\/\/www.lecomptoirjunasol.coop\/wp-content\/uploads\/2025\/03\/Copie-de-Panier-noel-2023.png\" class=\"attachment-large size-large wp-image-3810\" alt=\"\" srcset=\"https:\/\/www.lecomptoirjunasol.coop\/wp-content\/uploads\/2025\/03\/Copie-de-Panier-noel-2023.png 940w, https:\/\/www.lecomptoirjunasol.coop\/wp-content\/uploads\/2025\/03\/Copie-de-Panier-noel-2023-300x251.png 300w, https:\/\/www.lecomptoirjunasol.coop\/wp-content\/uploads\/2025\/03\/Copie-de-Panier-noel-2023-768x644.png 768w, https:\/\/www.lecomptoirjunasol.coop\/wp-content\/uploads\/2025\/03\/Copie-de-Panier-noel-2023-416x349.png 416w\" sizes=\"(max-width: 940px) 100vw, 940px\" \/>\t\t\t\t\t\t\t\t\t\t\t\t\t\t\t<\/div>\n\t\t\t\t<\/div>\n\t\t\t\t\t<\/div>\n\t\t<\/div>\n\t\t\t\t\t<\/div>\n\t\t<\/section>\n\t\t\t\t<section class=\"elementor-section elementor-top-section elementor-element elementor-element-3a26a86 elementor-section-boxed elementor-section-height-default elementor-section-height-default\" data-id=\"3a26a86\" data-element_type=\"section\">\n\t\t\t\t\t\t<div class=\"elementor-container elementor-column-gap-default\">\n\t\t\t\t\t<div class=\"elementor-column elementor-col-100 elementor-top-column elementor-element elementor-element-cea5c12\" data-id=\"cea5c12\" data-element_type=\"column\">\n\t\t\t<div class=\"elementor-widget-wrap\">\n\t\t\t\t\t\t\t<\/div>\n\t\t<\/div>\n\t\t\t\t\t<\/div>\n\t\t<\/section>\n\t\t\t\t<\/div>\n\t\t","protected":false},"excerpt":{"rendered":"<p>Ouvert du lundi au samedi, 9h00-12h30 et 16h00-19h30 Abonnez vous \u00e0 la Gazette Restez connect\u00e9s pour ne rien manquer de l&#039;actualit\u00e9 du Comptoir! Nous vous invitons \u00e0 suivre de pr\u00e8s toutes les Nouvelles du Comptoir afin d&#039;\u00eatre inform\u00e9s en temps r\u00e9el. Vous y d\u00e9couvrirez les offres promotionnelles exclusives, les toutes derni\u00e8res nouveaut\u00e9s que nous proposons, [&hellip;]<\/p>\n","protected":false},"author":2,"featured_media":0,"parent":0,"menu_order":0,"comment_status":"closed","ping_status":"closed","template":"","meta":{"_mc_calendar":[],"footnotes":""},"class_list":["post-1477","page","type-page","status-publish","hentry"],"_links":{"self":[{"href":"https:\/\/www.lecomptoirjunasol.coop\/index.php?rest_route=\/wp\/v2\/pages\/1477","targetHints":{"allow":["GET"]}}],"collection":[{"href":"https:\/\/www.lecomptoirjunasol.coop\/index.php?rest_route=\/wp\/v2\/pages"}],"about":[{"href":"https:\/\/www.lecomptoirjunasol.coop\/index.php?rest_route=\/wp\/v2\/types\/page"}],"author":[{"embeddable":true,"href":"https:\/\/www.lecomptoirjunasol.coop\/index.php?rest_route=\/wp\/v2\/users\/2"}],"replies":[{"embeddable":true,"href":"https:\/\/www.lecomptoirjunasol.coop\/index.php?rest_route=%2Fwp%2Fv2%2Fcomments&post=1477"}],"version-history":[{"count":553,"href":"https:\/\/www.lecomptoirjunasol.coop\/index.php?rest_route=\/wp\/v2\/pages\/1477\/revisions"}],"predecessor-version":[{"id":3868,"href":"https:\/\/www.lecomptoirjunasol.coop\/index.php?rest_route=\/wp\/v2\/pages\/1477\/revisions\/3868"}],"wp:attachment":[{"href":"https:\/\/www.lecomptoirjunasol.coop\/index.php?rest_route=%2Fwp%2Fv2%2Fmedia&parent=1477"}],"curies":[{"name":"wp","href":"https:\/\/api.w.org\/{rel}","templated":true}]}}