{"id":2267,"date":"2023-01-25T17:27:29","date_gmt":"2023-01-25T16:27:29","guid":{"rendered":"https:\/\/www.lecomptoirjunasol.coop\/?page_id=2267"},"modified":"2023-03-21T19:11:47","modified_gmt":"2023-03-21T18:11:47","slug":"evenement-passe","status":"publish","type":"page","link":"https:\/\/www.lecomptoirjunasol.coop\/?page_id=2267","title":{"rendered":"\u00c9v\u00e8nement pass\u00e9"},"content":{"rendered":"\t\t<div data-elementor-type=\"wp-page\" data-elementor-id=\"2267\" class=\"elementor elementor-2267\">\n\t\t\t\t\t\t<section class=\"elementor-section elementor-top-section elementor-element elementor-element-164c00d elementor-section-boxed elementor-section-height-default elementor-section-height-default\" data-id=\"164c00d\" data-element_type=\"section\">\n\t\t\t\t\t\t<div class=\"elementor-container elementor-column-gap-default\">\n\t\t\t\t\t<div class=\"elementor-column elementor-col-33 elementor-top-column elementor-element elementor-element-71f99a7\" data-id=\"71f99a7\" data-element_type=\"column\">\n\t\t\t<div class=\"elementor-widget-wrap elementor-element-populated\">\n\t\t\t\t\t\t<div class=\"elementor-element elementor-element-45626c1 elementor-widget elementor-widget-image\" data-id=\"45626c1\" data-element_type=\"widget\" data-widget_type=\"image.default\">\n\t\t\t\t<div class=\"elementor-widget-container\">\n\t\t\t\t\t\t\t\t\t\t\t\t\t\t\t<img fetchpriority=\"high\" decoding=\"async\" width=\"724\" height=\"1024\" src=\"https:\/\/www.lecomptoirjunasol.coop\/wp-content\/uploads\/2023\/02\/invitation-724x1024.png\" class=\"attachment-large size-large wp-image-2471\" alt=\"\" srcset=\"https:\/\/www.lecomptoirjunasol.coop\/wp-content\/uploads\/2023\/02\/invitation-724x1024.png 724w, https:\/\/www.lecomptoirjunasol.coop\/wp-content\/uploads\/2023\/02\/invitation-212x300.png 212w, https:\/\/www.lecomptoirjunasol.coop\/wp-content\/uploads\/2023\/02\/invitation-768x1086.png 768w, https:\/\/www.lecomptoirjunasol.coop\/wp-content\/uploads\/2023\/02\/invitation-1086x1536.png 1086w, https:\/\/www.lecomptoirjunasol.coop\/wp-content\/uploads\/2023\/02\/invitation-416x588.png 416w, https:\/\/www.lecomptoirjunasol.coop\/wp-content\/uploads\/2023\/02\/invitation.png 1414w\" sizes=\"(max-width: 724px) 100vw, 724px\" \/>\t\t\t\t\t\t\t\t\t\t\t\t\t\t\t<\/div>\n\t\t\t\t<\/div>\n\t\t\t\t\t<\/div>\n\t\t<\/div>\n\t\t\t\t<div class=\"elementor-column elementor-col-33 elementor-top-column elementor-element elementor-element-fbd3a40\" data-id=\"fbd3a40\" data-element_type=\"column\">\n\t\t\t<div class=\"elementor-widget-wrap elementor-element-populated\">\n\t\t\t\t\t\t<div class=\"elementor-element elementor-element-27951d4 elementor-widget elementor-widget-image\" data-id=\"27951d4\" data-element_type=\"widget\" data-widget_type=\"image.default\">\n\t\t\t\t<div class=\"elementor-widget-container\">\n\t\t\t\t\t\t\t\t\t\t\t\t\t\t\t<img decoding=\"async\" width=\"597\" height=\"1024\" src=\"https:\/\/www.lecomptoirjunasol.coop\/wp-content\/uploads\/2023\/01\/316302252_604502971477579_4591982949180187647_n-597x1024.jpg\" class=\"attachment-large size-large wp-image-2271\" alt=\"\" srcset=\"https:\/\/www.lecomptoirjunasol.coop\/wp-content\/uploads\/2023\/01\/316302252_604502971477579_4591982949180187647_n-597x1024.jpg 597w, https:\/\/www.lecomptoirjunasol.coop\/wp-content\/uploads\/2023\/01\/316302252_604502971477579_4591982949180187647_n-175x300.jpg 175w, https:\/\/www.lecomptoirjunasol.coop\/wp-content\/uploads\/2023\/01\/316302252_604502971477579_4591982949180187647_n-416x713.jpg 416w, https:\/\/www.lecomptoirjunasol.coop\/wp-content\/uploads\/2023\/01\/316302252_604502971477579_4591982949180187647_n.jpg 700w\" sizes=\"(max-width: 597px) 100vw, 597px\" \/>\t\t\t\t\t\t\t\t\t\t\t\t\t\t\t<\/div>\n\t\t\t\t<\/div>\n\t\t\t\t\t<\/div>\n\t\t<\/div>\n\t\t\t\t<div class=\"elementor-column elementor-col-33 elementor-top-column elementor-element elementor-element-51a9bf0\" data-id=\"51a9bf0\" data-element_type=\"column\">\n\t\t\t<div class=\"elementor-widget-wrap elementor-element-populated\">\n\t\t\t\t\t\t<div class=\"elementor-element elementor-element-ed9c54e elementor-widget elementor-widget-image\" data-id=\"ed9c54e\" data-element_type=\"widget\" data-widget_type=\"image.default\">\n\t\t\t\t<div class=\"elementor-widget-container\">\n\t\t\t\t\t\t\t\t\t\t\t\t\t\t\t<img decoding=\"async\" width=\"724\" height=\"1024\" src=\"https:\/\/www.lecomptoirjunasol.coop\/wp-content\/uploads\/2022\/09\/junasol-HD-724x1024.jpg\" class=\"attachment-large size-large wp-image-992\" alt=\"\" srcset=\"https:\/\/www.lecomptoirjunasol.coop\/wp-content\/uploads\/2022\/09\/junasol-HD-724x1024.jpg 724w, https:\/\/www.lecomptoirjunasol.coop\/wp-content\/uploads\/2022\/09\/junasol-HD-212x300.jpg 212w, https:\/\/www.lecomptoirjunasol.coop\/wp-content\/uploads\/2022\/09\/junasol-HD-768x1086.jpg 768w, https:\/\/www.lecomptoirjunasol.coop\/wp-content\/uploads\/2022\/09\/junasol-HD-1086x1536.jpg 1086w, https:\/\/www.lecomptoirjunasol.coop\/wp-content\/uploads\/2022\/09\/junasol-HD-1448x2048.jpg 1448w, https:\/\/www.lecomptoirjunasol.coop\/wp-content\/uploads\/2022\/09\/junasol-HD-scaled.jpg 1810w\" sizes=\"(max-width: 724px) 100vw, 724px\" \/>\t\t\t\t\t\t\t\t\t\t\t\t\t\t\t<\/div>\n\t\t\t\t<\/div>\n\t\t\t\t\t<\/div>\n\t\t<\/div>\n\t\t\t\t\t<\/div>\n\t\t<\/section>\n\t\t\t\t<section class=\"elementor-section elementor-top-section elementor-element elementor-element-d1008a3 elementor-section-boxed elementor-section-height-default elementor-section-height-default\" data-id=\"d1008a3\" data-element_type=\"section\">\n\t\t\t\t\t\t<div class=\"elementor-container elementor-column-gap-default\">\n\t\t\t\t\t<div class=\"elementor-column elementor-col-100 elementor-top-column elementor-element elementor-element-159af78\" data-id=\"159af78\" data-element_type=\"column\">\n\t\t\t<div class=\"elementor-widget-wrap\">\n\t\t\t\t\t\t\t<\/div>\n\t\t<\/div>\n\t\t\t\t\t<\/div>\n\t\t<\/section>\n\t\t\t\t<\/div>\n\t\t","protected":false},"excerpt":{"rendered":"","protected":false},"author":2,"featured_media":0,"parent":945,"menu_order":0,"comment_status":"closed","ping_status":"closed","template":"","meta":{"_mc_calendar":[],"footnotes":""},"class_list":["post-2267","page","type-page","status-publish","hentry"],"_links":{"self":[{"href":"https:\/\/www.lecomptoirjunasol.coop\/index.php?rest_route=\/wp\/v2\/pages\/2267","targetHints":{"allow":["GET"]}}],"collection":[{"href":"https:\/\/www.lecomptoirjunasol.coop\/index.php?rest_route=\/wp\/v2\/pages"}],"about":[{"href":"https:\/\/www.lecomptoirjunasol.coop\/index.php?rest_route=\/wp\/v2\/types\/page"}],"author":[{"embeddable":true,"href":"https:\/\/www.lecomptoirjunasol.coop\/index.php?rest_route=\/wp\/v2\/users\/2"}],"replies":[{"embeddable":true,"href":"https:\/\/www.lecomptoirjunasol.coop\/index.php?rest_route=%2Fwp%2Fv2%2Fcomments&post=2267"}],"version-history":[{"count":11,"href":"https:\/\/www.lecomptoirjunasol.coop\/index.php?rest_route=\/wp\/v2\/pages\/2267\/revisions"}],"predecessor-version":[{"id":2765,"href":"https:\/\/www.lecomptoirjunasol.coop\/index.php?rest_route=\/wp\/v2\/pages\/2267\/revisions\/2765"}],"up":[{"embeddable":true,"href":"https:\/\/www.lecomptoirjunasol.coop\/index.php?rest_route=\/wp\/v2\/pages\/945"}],"wp:attachment":[{"href":"https:\/\/www.lecomptoirjunasol.coop\/index.php?rest_route=%2Fwp%2Fv2%2Fmedia&parent=2267"}],"curies":[{"name":"wp","href":"https:\/\/api.w.org\/{rel}","templated":true}]}}