{"id":2749,"date":"2023-03-28T11:03:48","date_gmt":"2023-03-28T09:03:48","guid":{"rendered":"https:\/\/www.lecomptoirjunasol.coop\/?page_id=2749"},"modified":"2023-06-30T18:24:06","modified_gmt":"2023-06-30T16:24:06","slug":"devenir-societaire","status":"publish","type":"page","link":"https:\/\/www.lecomptoirjunasol.coop\/?page_id=2749","title":{"rendered":"Devenir Soci\u00e9taire"},"content":{"rendered":"\t\t<div data-elementor-type=\"wp-page\" data-elementor-id=\"2749\" class=\"elementor elementor-2749\">\n\t\t\t\t\t\t<section class=\"elementor-section elementor-top-section elementor-element elementor-element-75736c2 elementor-section-boxed elementor-section-height-default elementor-section-height-default\" data-id=\"75736c2\" data-element_type=\"section\">\n\t\t\t\t\t\t<div class=\"elementor-container elementor-column-gap-default\">\n\t\t\t\t\t<div class=\"elementor-column elementor-col-100 elementor-top-column elementor-element elementor-element-6052bc2\" data-id=\"6052bc2\" data-element_type=\"column\">\n\t\t\t<div class=\"elementor-widget-wrap elementor-element-populated\">\n\t\t\t\t\t\t<section class=\"elementor-section elementor-inner-section elementor-element elementor-element-8ce2a70 elementor-section-boxed elementor-section-height-default elementor-section-height-default\" data-id=\"8ce2a70\" data-element_type=\"section\">\n\t\t\t\t\t\t<div class=\"elementor-container elementor-column-gap-default\">\n\t\t\t\t\t<div class=\"elementor-column elementor-col-50 elementor-inner-column elementor-element elementor-element-6dc341c\" data-id=\"6dc341c\" data-element_type=\"column\">\n\t\t\t<div class=\"elementor-widget-wrap elementor-element-populated\">\n\t\t\t\t\t\t<div class=\"elementor-element elementor-element-c6e3a88 elementor-widget__width-initial elementor-widget elementor-widget-text-editor\" data-id=\"c6e3a88\" data-element_type=\"widget\" data-widget_type=\"text-editor.default\">\n\t\t\t\t<div class=\"elementor-widget-container\">\n\t\t\t\t\t\t\t\t\t<p><span style=\"font-weight: 400;\">Qui a eu cette id\u00e9e folle\u2026\u00a0<\/span><\/p><p><span style=\"font-weight: 400;\">\u2026 de cr\u00e9er <\/span><b>Le Comptoir JunaSol ?\u00a0<\/b><\/p><p><span style=\"font-weight: 400;\">Chers amis,\u00a0\u00a0<\/span><\/p><p><b>Le Comptoir JunaSol <\/b><span style=\"font-weight: 400;\">ouvrait ses portes le 26 janvier 2019. C&rsquo;\u00e9tait il y a 4 ans, une poign\u00e9e de soci\u00e9taires,\u00a0 un tout jeune conseil de gouvernance et l&rsquo;aventure \u00e9tait lanc\u00e9e&#8230;\u00a0\u00a0<\/span><\/p><p><span style=\"font-weight: 400;\">Il s\u2019en est pass\u00e9 des choses depuis 4 ans ! <\/span><b>Le Comptoir <\/b><span style=\"font-weight: 400;\">est aujourd&rsquo;hui un acteur soci\u00e9tal incontournable\u00a0 dans notre environnement, ancr\u00e9 dans notre territoire.\u00a0\u00a0<\/span><\/p><p><span style=\"font-weight: 400;\">En effet <\/span><b>Le Comptoir JunaSol <\/b><span style=\"font-weight: 400;\">c&rsquo;est un commerce de proximit\u00e9, \u00e9picerie avec des produits et des services\u00a0 de qualit\u00e9, en privil\u00e9giant au maximum les circuits courts au juste prix, dans un lieu de rencontres et\u00a0 d\u2019\u00e9changes appartenant \u00e0 TOUS !\u00a0<\/span><\/p><p><span style=\"font-weight: 400;\">Sous forme de SCIC, <\/span><b>Le Comptoir JunaSol <\/b><span style=\"font-weight: 400;\">est au service du bien commun, afin de r\u00e9pondre aux besoins\u00a0 de chacun par des produits et des services correspondant aux demandes tout en apportant une activit\u00e9\u00a0 \u00e9conomique utile \u00e0 tous et cr\u00e9atrice d\u2019emplois locaux,\u00a0\u00a0<\/span><span style=\"font-weight: 400;\">actuellement 2 salari\u00e9s, Denis et Lola, \u00e0 votre service.\u00a0<\/span><\/p><p><span style=\"font-weight: 400;\">Mais qu\u2019est-ce qu\u2019une SCIC ? La <\/span><b>S<\/b><span style=\"font-weight: 400;\">oci\u00e9t\u00e9 <\/span><b>C<\/b><span style=\"font-weight: 400;\">oop\u00e9rative <\/span><span style=\"font-weight: 400;\">\u00a0<\/span><span style=\"font-weight: 400;\">d\u2019<\/span><b>I<\/b><span style=\"font-weight: 400;\">nt\u00e9r\u00eat <\/span><b>C<\/b><span style=\"font-weight: 400;\">ollectif a pour objet la production ou la <\/span><span style=\"font-weight: 400;\">\u00a0<\/span><span style=\"font-weight: 400;\">fourniture de biens ou de services d\u2019int\u00e9r\u00eat collectif qui <\/span><span style=\"font-weight: 400;\">\u00a0<\/span><span style=\"font-weight: 400;\">pr\u00e9sentent un caract\u00e8re d\u2019utilit\u00e9 sociale.\u00a0<\/span><\/p><p><span style=\"font-weight: 400;\">Le choix de cette forme de soci\u00e9t\u00e9 coop\u00e9rative d\u2019int\u00e9r\u00eat <\/span><span style=\"font-weight: 400;\">\u00a0<\/span><span style=\"font-weight: 400;\">collectif constitue une adh\u00e9sion \u00e0 des valeurs <\/span><span style=\"font-weight: 400;\">\u00a0<\/span><span style=\"font-weight: 400;\">coop\u00e9ratives fondamentales telles que la pr\u00e9\u00e9minence de <\/span><span style=\"font-weight: 400;\">\u00a0<\/span><span style=\"font-weight: 400;\">la personne humaine, la d\u00e9mocratie, la solidarit\u00e9 ou <\/span><span style=\"font-weight: 400;\">\u00a0<\/span><span style=\"font-weight: 400;\">encore l\u2019int\u00e9gration sociale, \u00e9conomique et culturelle, <\/span><span style=\"font-weight: 400;\">\u00a0<\/span><span style=\"font-weight: 400;\">dans un territoire d\u00e9termin\u00e9.<\/span><span style=\"font-weight: 400;\">\u00a0<\/span><\/p><p><b>Sachez que vous pouvez devenir soci\u00e9taire en prenant une part\u00a0 d&rsquo;un montant de 50 \u20ac<\/b><span style=\"font-weight: 400;\">.\u00a0<\/span><\/p><p><span style=\"font-weight: 400;\">Votre contribution en tant que nouveau soci\u00e9taire sera la bienvenue pour\u00a0\u00a0<\/span><span style=\"font-weight: 400;\">augmenter la force de notre collectif. Plus nous serons nombreux, plus nous\u00a0\u00a0<\/span><span style=\"font-weight: 400;\">accumulerons de fonds propres, moins nous d\u00e9pendrons des emprunts et des\u00a0\u00a0<\/span><span style=\"font-weight: 400;\">partenaires ext\u00e9rieurs, en restant ma\u00eetre de notre barque !\u00a0\u00a0<\/span><\/p><p><span style=\"font-weight: 400;\">Nous comptons sur vous ! <\/span><b>Notre <\/b><span style=\"font-weight: 400;\">projet peut devenir le <\/span><b>V\u00f4tre <\/b><span style=\"font-weight: 400;\">!\u00a0<\/span><\/p><p><span style=\"font-weight: 400;\">Rejoignez notre d\u00e9marche citoyenne !\u00a0<\/span><\/p><p><span style=\"font-weight: 400;\">Avec toutes nos amiti\u00e9s,\u00a0\u00a0<\/span><\/p><p><span style=\"font-weight: 400;\">L\u2019\u00e9quipe du <\/span><b>Comptoir JunaSol\u00a0<\/b><\/p><p><b>\u00a0<\/b><b>\u00a0<\/b><\/p><p><span style=\"font-weight: 400;\">1 <\/span><span style=\"font-weight: 400;\">Contribution donnant droit \u00e0 une r\u00e9duction d\u2019imp\u00f4t sur le revenu, \u00e9gale \u00e0 18 % du montant des versements effectu\u00e9s. Le choix du versement vous appartient (esp\u00e8ces, ch\u00e8que, virement &#8211; retrouvez le RIB du <\/span><b>Comptoir <\/b><span style=\"font-weight: 400;\">annex\u00e9 \u00e0 ce\u00a0 document).<\/span><\/p><p><span style=\"font-weight: 400;\"> \u00e9changer, partager, vivre une exp\u00e9rience\u00a0 collective\u00a0<\/span><\/p>\t\t\t\t\t\t\t\t<\/div>\n\t\t\t\t<\/div>\n\t\t\t\t\t<\/div>\n\t\t<\/div>\n\t\t\t\t<div class=\"elementor-column elementor-col-50 elementor-inner-column elementor-element elementor-element-61f9d80\" data-id=\"61f9d80\" data-element_type=\"column\">\n\t\t\t<div class=\"elementor-widget-wrap elementor-element-populated\">\n\t\t\t\t\t\t<div class=\"elementor-element elementor-element-d688c2d elementor-widget elementor-widget-image\" data-id=\"d688c2d\" data-element_type=\"widget\" data-widget_type=\"image.default\">\n\t\t\t\t<div class=\"elementor-widget-container\">\n\t\t\t\t\t\t\t\t\t\t\t\t\t\t\t<img fetchpriority=\"high\" decoding=\"async\" width=\"410\" height=\"1024\" src=\"https:\/\/www.lecomptoirjunasol.coop\/wp-content\/uploads\/2023\/06\/Relance-crowdunding-410x1024.jpg\" class=\"attachment-large size-large wp-image-2933\" alt=\"\" srcset=\"https:\/\/www.lecomptoirjunasol.coop\/wp-content\/uploads\/2023\/06\/Relance-crowdunding-410x1024.jpg 410w, https:\/\/www.lecomptoirjunasol.coop\/wp-content\/uploads\/2023\/06\/Relance-crowdunding-120x300.jpg 120w, https:\/\/www.lecomptoirjunasol.coop\/wp-content\/uploads\/2023\/06\/Relance-crowdunding-768x1920.jpg 768w, https:\/\/www.lecomptoirjunasol.coop\/wp-content\/uploads\/2023\/06\/Relance-crowdunding-416x1040.jpg 416w, https:\/\/www.lecomptoirjunasol.coop\/wp-content\/uploads\/2023\/06\/Relance-crowdunding.jpg 800w\" sizes=\"(max-width: 410px) 100vw, 410px\" \/>\t\t\t\t\t\t\t\t\t\t\t\t\t\t\t<\/div>\n\t\t\t\t<\/div>\n\t\t\t\t<div class=\"elementor-element elementor-element-5f2424a elementor-widget__width-initial elementor-widget elementor-widget-text-editor\" data-id=\"5f2424a\" data-element_type=\"widget\" data-widget_type=\"text-editor.default\">\n\t\t\t\t<div class=\"elementor-widget-container\">\n\t\t\t\t\t\t\t\t\t<p><b>Pourquoi devenir soci\u00e9taire ?\u00a0<\/b><\/p><p><span style=\"font-weight: 400;\">Avoir acc\u00e8s aux commandes group\u00e9es (viande de b\u0153uf ou de veau\u00a0 d\u2019Aubrac, poulets fermiers, fromages, pellets, \u2026)\u00a0<\/span><\/p><p><span style=\"font-weight: 400;\">Commander quand vous le souhaitez un panier garni, fruits l\u00e9gumes, dont la composition change toutes les semaines en\u00a0 fonction de la saison et des produits disponibles\u00a0<\/span><\/p><p><span style=\"font-weight: 400;\">B\u00e9n\u00e9ficier de services n\u00e9goci\u00e9s gr\u00e2ce \u00e0 notre force collective\u00a0 (adh\u00e9sion \u00e0 une mutuelle, propositions tarifaires sur de l&rsquo;\u00e9lectricit\u00e9\u00a0 verte, \u2026)\u00a0<\/span><\/p><p><span style=\"font-weight: 400;\">Commander pour la fin de semaine des repas \u00e0 emporter, r\u00e9alis\u00e9s\u00a0 par des artisans Junassols avec des produits locaux\u00a0<\/span><\/p><p><span style=\"font-weight: 400;\">S\u2019exprimer dans les choix, les orientations, les produits\u00a0 (1 personne = 1 voix en assembl\u00e9e g\u00e9n\u00e9rale)\u00a0<\/span><\/p><p><span style=\"font-weight: 400;\">Soutenir le commerce local et son d\u00e9veloppement <\/span><span style=\"font-weight: 400;\">S\u2019investir b\u00e9n\u00e9volement, si on le souhaite\u00a0<\/span><\/p><p><span style=\"font-weight: 400;\">Rencontrer du monde,<\/span><\/p>\t\t\t\t\t\t\t\t<\/div>\n\t\t\t\t<\/div>\n\t\t\t\t\t<\/div>\n\t\t<\/div>\n\t\t\t\t\t<\/div>\n\t\t<\/section>\n\t\t\t\t<div class=\"elementor-element elementor-element-04542fd elementor-widget elementor-widget-text-editor\" data-id=\"04542fd\" data-element_type=\"widget\" data-widget_type=\"text-editor.default\">\n\t\t\t\t<div class=\"elementor-widget-container\">\n\t\t\t\t\t\t\t\t\t<p><b><span style=\"font-size: 18pt;\">Bulletin de souscription de parts sociales \u00e0 t\u00e9l\u00e9charger ici :<\/span> <br \/><\/b><\/p><p><b>Choisissez \u00ab\u00a0personne physique\u00a0\u00bb ou \u00ab\u00a0personne morale\u00a0\u00bb si vous \u00eates une entreprise, Imprimer en 2 exemplaires, remplir les 2 originaux et portez les en boutique avec le montant de votre adh\u00e9sion.<br \/><\/b><\/p><p><b><span style=\"font-size: 18pt;\"><a href=\"https:\/\/drive.google.com\/drive\/folders\/1qwMgMbB6aSE2V6rzyeBT9LAXh72syz1l?usp=sharing\">https:\/\/drive.google.com\/drive\/folders\/1qwMgMbB6aSE2V6rzyeBT9LAXh72syz1l?usp=sharing<\/a> <\/span><br \/><\/b><\/p><p>\u00a0<\/p>\t\t\t\t\t\t\t\t<\/div>\n\t\t\t\t<\/div>\n\t\t\t\t\t<\/div>\n\t\t<\/div>\n\t\t\t\t\t<\/div>\n\t\t<\/section>\n\t\t\t\t<section class=\"elementor-section elementor-top-section elementor-element elementor-element-070956a elementor-section-boxed elementor-section-height-default elementor-section-height-default\" data-id=\"070956a\" data-element_type=\"section\">\n\t\t\t\t\t\t<div class=\"elementor-container elementor-column-gap-default\">\n\t\t\t\t\t<div class=\"elementor-column elementor-col-50 elementor-top-column elementor-element elementor-element-5dcfacc\" data-id=\"5dcfacc\" data-element_type=\"column\">\n\t\t\t<div class=\"elementor-widget-wrap elementor-element-populated\">\n\t\t\t\t\t\t<div class=\"elementor-element elementor-element-3216f71 elementor-widget elementor-widget-image\" data-id=\"3216f71\" data-element_type=\"widget\" data-widget_type=\"image.default\">\n\t\t\t\t<div class=\"elementor-widget-container\">\n\t\t\t\t\t\t\t\t\t\t\t\t\t\t\t<img decoding=\"async\" width=\"940\" height=\"788\" src=\"https:\/\/www.lecomptoirjunasol.coop\/wp-content\/uploads\/2023\/01\/305304196_542681230993087_4420132133581743663_n-1.jpg\" class=\"attachment-large size-large wp-image-1584\" alt=\"\" srcset=\"https:\/\/www.lecomptoirjunasol.coop\/wp-content\/uploads\/2023\/01\/305304196_542681230993087_4420132133581743663_n-1.jpg 940w, https:\/\/www.lecomptoirjunasol.coop\/wp-content\/uploads\/2023\/01\/305304196_542681230993087_4420132133581743663_n-1-300x251.jpg 300w, https:\/\/www.lecomptoirjunasol.coop\/wp-content\/uploads\/2023\/01\/305304196_542681230993087_4420132133581743663_n-1-768x644.jpg 768w, https:\/\/www.lecomptoirjunasol.coop\/wp-content\/uploads\/2023\/01\/305304196_542681230993087_4420132133581743663_n-1-416x349.jpg 416w\" sizes=\"(max-width: 940px) 100vw, 940px\" \/>\t\t\t\t\t\t\t\t\t\t\t\t\t\t\t<\/div>\n\t\t\t\t<\/div>\n\t\t\t\t\t<\/div>\n\t\t<\/div>\n\t\t\t\t<div class=\"elementor-column elementor-col-50 elementor-top-column elementor-element elementor-element-5de84c8\" data-id=\"5de84c8\" data-element_type=\"column\">\n\t\t\t<div class=\"elementor-widget-wrap elementor-element-populated\">\n\t\t\t\t\t\t<div class=\"elementor-element elementor-element-306f717 elementor-widget elementor-widget-image\" data-id=\"306f717\" data-element_type=\"widget\" data-widget_type=\"image.default\">\n\t\t\t\t<div class=\"elementor-widget-container\">\n\t\t\t\t\t\t\t\t\t\t\t\t\t\t\t<img decoding=\"async\" width=\"431\" height=\"512\" src=\"https:\/\/www.lecomptoirjunasol.coop\/wp-content\/uploads\/2023\/03\/unnamed-1.png\" class=\"attachment-large size-large wp-image-2772\" alt=\"\" srcset=\"https:\/\/www.lecomptoirjunasol.coop\/wp-content\/uploads\/2023\/03\/unnamed-1.png 431w, https:\/\/www.lecomptoirjunasol.coop\/wp-content\/uploads\/2023\/03\/unnamed-1-253x300.png 253w, https:\/\/www.lecomptoirjunasol.coop\/wp-content\/uploads\/2023\/03\/unnamed-1-416x494.png 416w\" sizes=\"(max-width: 431px) 100vw, 431px\" \/>\t\t\t\t\t\t\t\t\t\t\t\t\t\t\t<\/div>\n\t\t\t\t<\/div>\n\t\t\t\t\t<\/div>\n\t\t<\/div>\n\t\t\t\t\t<\/div>\n\t\t<\/section>\n\t\t\t\t<section class=\"elementor-section elementor-top-section elementor-element elementor-element-4123b12 elementor-section-boxed elementor-section-height-default elementor-section-height-default\" data-id=\"4123b12\" data-element_type=\"section\">\n\t\t\t\t\t\t<div class=\"elementor-container elementor-column-gap-default\">\n\t\t\t\t\t<div class=\"elementor-column elementor-col-100 elementor-top-column elementor-element elementor-element-c9cf91f\" data-id=\"c9cf91f\" data-element_type=\"column\">\n\t\t\t<div class=\"elementor-widget-wrap\">\n\t\t\t\t\t\t\t<\/div>\n\t\t<\/div>\n\t\t\t\t\t<\/div>\n\t\t<\/section>\n\t\t\t\t<\/div>\n\t\t","protected":false},"excerpt":{"rendered":"<p>Qui a eu cette id\u00e9e folle\u2026\u00a0 \u2026 de cr\u00e9er Le Comptoir JunaSol ?\u00a0 Chers amis,\u00a0\u00a0 Le Comptoir JunaSol ouvrait ses portes le 26 janvier 2019. C&rsquo;\u00e9tait il y a 4 ans, une poign\u00e9e de soci\u00e9taires,\u00a0 un tout jeune conseil de gouvernance et l&rsquo;aventure \u00e9tait lanc\u00e9e&#8230;\u00a0\u00a0 Il s\u2019en est pass\u00e9 des choses depuis 4 ans ! [&hellip;]<\/p>\n","protected":false},"author":2,"featured_media":0,"parent":0,"menu_order":0,"comment_status":"closed","ping_status":"closed","template":"","meta":{"_mc_calendar":[],"footnotes":""},"class_list":["post-2749","page","type-page","status-publish","hentry"],"_links":{"self":[{"href":"https:\/\/www.lecomptoirjunasol.coop\/index.php?rest_route=\/wp\/v2\/pages\/2749","targetHints":{"allow":["GET"]}}],"collection":[{"href":"https:\/\/www.lecomptoirjunasol.coop\/index.php?rest_route=\/wp\/v2\/pages"}],"about":[{"href":"https:\/\/www.lecomptoirjunasol.coop\/index.php?rest_route=\/wp\/v2\/types\/page"}],"author":[{"embeddable":true,"href":"https:\/\/www.lecomptoirjunasol.coop\/index.php?rest_route=\/wp\/v2\/users\/2"}],"replies":[{"embeddable":true,"href":"https:\/\/www.lecomptoirjunasol.coop\/index.php?rest_route=%2Fwp%2Fv2%2Fcomments&post=2749"}],"version-history":[{"count":30,"href":"https:\/\/www.lecomptoirjunasol.coop\/index.php?rest_route=\/wp\/v2\/pages\/2749\/revisions"}],"predecessor-version":[{"id":2936,"href":"https:\/\/www.lecomptoirjunasol.coop\/index.php?rest_route=\/wp\/v2\/pages\/2749\/revisions\/2936"}],"wp:attachment":[{"href":"https:\/\/www.lecomptoirjunasol.coop\/index.php?rest_route=%2Fwp%2Fv2%2Fmedia&parent=2749"}],"curies":[{"name":"wp","href":"https:\/\/api.w.org\/{rel}","templated":true}]}}