{"id":6,"date":"2019-01-10T14:27:56","date_gmt":"2019-01-10T13:27:56","guid":{"rendered":"http:\/\/damery.hopto.org\/?page_id=6"},"modified":"2023-08-17T11:45:24","modified_gmt":"2023-08-17T09:45:24","slug":"a-propos-de","status":"publish","type":"page","link":"https:\/\/www.lecomptoirjunasol.coop\/?page_id=6","title":{"rendered":"\u00c0 propos de"},"content":{"rendered":"<p>Votre commerce de proximit\u00e9 a pour but de vous offrir des produits et des services de qualit\u00e9, en privil\u00e9giant les circuits courts, au juste prix\u2026dans un lieu de rencontre et d\u2019\u00e9change appartenant \u00e0 TOUS !<br>\nSous forme de SCIC, le Comptoir JunaSol sera au service du bien commun\u2026<\/p>\n<ul dir=\"ltr\">\n<li style=\"list-style-type: none;\">\n<ul dir=\"ltr\">\n<li>R\u00e9pondre aux besoins de chacun par des produits et des services correspondants aux demandes.<\/li>\n<\/ul>\n<\/li>\n<\/ul>\n<ul dir=\"ltr\">\n<li style=\"list-style-type: none;\">\n<ul dir=\"ltr\">\n<li>Apporter une activit\u00e9 \u00e9conomique utile \u00e0 tous et cr\u00e9atrice d\u2019emplois locaux.<\/li>\n<\/ul>\n<\/li>\n<\/ul>\n<ul dir=\"ltr\">\n<li>Susciter la convivialit\u00e9.<\/li>\n<\/ul>\n<ul>\n<li>Vous pouvez devenir soci\u00e9taire en prenant une part \u00e0 50\u20ac (\u00e0 vie).<\/li>\n<\/ul>\n<p>\t\t\t\t\t\t\t\t\t\t\t\t<img loading=\"lazy\" decoding=\"async\" width=\"960\" height=\"960\" src=\"https:\/\/www.lecomptoirjunasol.coop\/wp-content\/uploads\/2023\/01\/307572890_550524163542127_3547443413150233948_n.jpg\" alt=\"\" loading=\"lazy\" srcset=\"https:\/\/www.lecomptoirjunasol.coop\/wp-content\/uploads\/2023\/01\/307572890_550524163542127_3547443413150233948_n.jpg 960w, https:\/\/www.lecomptoirjunasol.coop\/wp-content\/uploads\/2023\/01\/307572890_550524163542127_3547443413150233948_n-300x300.jpg 300w, https:\/\/www.lecomptoirjunasol.coop\/wp-content\/uploads\/2023\/01\/307572890_550524163542127_3547443413150233948_n-150x150.jpg 150w, https:\/\/www.lecomptoirjunasol.coop\/wp-content\/uploads\/2023\/01\/307572890_550524163542127_3547443413150233948_n-768x768.jpg 768w, https:\/\/www.lecomptoirjunasol.coop\/wp-content\/uploads\/2023\/01\/307572890_550524163542127_3547443413150233948_n-324x324.jpg 324w, https:\/\/www.lecomptoirjunasol.coop\/wp-content\/uploads\/2023\/01\/307572890_550524163542127_3547443413150233948_n-416x416.jpg 416w, https:\/\/www.lecomptoirjunasol.coop\/wp-content\/uploads\/2023\/01\/307572890_550524163542127_3547443413150233948_n-100x100.jpg 100w\" sizes=\"auto, (max-width: 960px) 100vw, 960px\"><br>\n\t\t\t\t\t\t\t\t\t\t\t\t<img loading=\"lazy\" decoding=\"async\" width=\"980\" height=\"980\" src=\"https:\/\/www.lecomptoirjunasol.coop\/wp-content\/uploads\/2023\/01\/28162207_175954953024230_3237252681815730181_o-1024x1024.jpg\" alt=\"\" loading=\"lazy\" srcset=\"https:\/\/www.lecomptoirjunasol.coop\/wp-content\/uploads\/2023\/01\/28162207_175954953024230_3237252681815730181_o-1024x1024.jpg 1024w, https:\/\/www.lecomptoirjunasol.coop\/wp-content\/uploads\/2023\/01\/28162207_175954953024230_3237252681815730181_o-300x300.jpg 300w, https:\/\/www.lecomptoirjunasol.coop\/wp-content\/uploads\/2023\/01\/28162207_175954953024230_3237252681815730181_o-150x150.jpg 150w, https:\/\/www.lecomptoirjunasol.coop\/wp-content\/uploads\/2023\/01\/28162207_175954953024230_3237252681815730181_o-768x768.jpg 768w, https:\/\/www.lecomptoirjunasol.coop\/wp-content\/uploads\/2023\/01\/28162207_175954953024230_3237252681815730181_o-324x324.jpg 324w, https:\/\/www.lecomptoirjunasol.coop\/wp-content\/uploads\/2023\/01\/28162207_175954953024230_3237252681815730181_o-416x416.jpg 416w, https:\/\/www.lecomptoirjunasol.coop\/wp-content\/uploads\/2023\/01\/28162207_175954953024230_3237252681815730181_o-100x100.jpg 100w, https:\/\/www.lecomptoirjunasol.coop\/wp-content\/uploads\/2023\/01\/28162207_175954953024230_3237252681815730181_o.jpg 1440w\" sizes=\"auto, (max-width: 980px) 100vw, 980px\"><br>\n\t\t\t\t\t\t\t\t\t\t\t\t<img loading=\"lazy\" decoding=\"async\" width=\"375\" height=\"500\" src=\"https:\/\/www.lecomptoirjunasol.coop\/wp-content\/uploads\/2023\/01\/IMG_20190116_090001.jpg\" alt=\"\" loading=\"lazy\" srcset=\"https:\/\/www.lecomptoirjunasol.coop\/wp-content\/uploads\/2023\/01\/IMG_20190116_090001.jpg 375w, https:\/\/www.lecomptoirjunasol.coop\/wp-content\/uploads\/2023\/01\/IMG_20190116_090001-225x300.jpg 225w\" sizes=\"auto, (max-width: 375px) 100vw, 375px\"><br>\n\t\t<br>\n&nbsp;Mais qu\u2019est-ce qu\u2019une SCIC ?La&nbsp;soci\u00e9t\u00e9 coop\u00e9rative d\u2019int\u00e9r\u00eat collectif&nbsp;a pour objet la production ou la fourniture de biens ou de services d\u2019int\u00e9r\u00eat collectif qui pr\u00e9sentent un caract\u00e8re d\u2019utilit\u00e9 sociale.Pour plus d\u2019info :&nbsp;<a href=\"https:\/\/l.facebook.com\/l.php?u=http%3A%2F%2Fwww.les-scic.coop%2F%3Ffbclid%3DIwAR2uEC_xzj1ZTF9znA8vMKbypzdcus3Ndf771TUUGw_pV_ewFgjfeoIVwrk&amp;h=AT153qZOcLxZ1s2IiFSY8SaSRG2iiPjsG6Z3DHsS77AtC338c12YYZng10gjROy6hqOIebFu2KyUTnwLMjmlfeIraWv3ESJPnuH8__gjYGHBmPTwvmc_E_Vnu1pYKj_Pn6ZK\" target=\"_blank\" rel=\"noopener nofollow\" data-lynx-mode=\"asynclazy\">www.les-scic.coop<\/a><\/p>\n<p><\/p>\n\n\n<\/p>\n<p><strong>Pr\u00e9ambule aux statuts<\/strong><\/p>\n<p>\n\n\n\n<\/p>\n<p><strong>Contexte g\u00e9n\u00e9ral<\/strong><\/p>\n<p>\n\n\n\n<\/p>\n<p>Le village de Junas, 1200 habitants, un seul commerce et de nombreuses associations, un village vivant et ne demandant qu\u2019\u00e0 vivre mieux, est le terreau de ce projet participatif.<\/p>\n<p>\n\n\n\n<\/p>\n<p><strong>Historique de la d\u00e9marche<\/strong><\/p>\n<p>\n\n\n\n<\/p>\n<p>La mise en vente du commerce\/boulangerie a \u00e9t\u00e9 l\u2019origine de cette id\u00e9e. Il nous a paru<br>inacceptable de ne plus avoir de commerce dans le village. Des contacts avec des amis puis des villageois ont permis d\u2019am\u00e9liorer l\u2019id\u00e9e jusqu\u2019\u00e0 d\u00e9but 2016 o\u00f9 elle est devenue un projet men\u00e9 par une dizaine de villageois.<br>Plusieurs mois ont \u00e9t\u00e9 n\u00e9cessaires d\u2019une part \u00e0 mobiliser les habitants et \u00e0 d\u00e9terminer le lieu d\u2019implantation ad\u00e9quat.<\/p>\n<p>\n\n\n\n<\/p>\n<p><strong>Finalit\u00e9 d&rsquo;int\u00e9r\u00eat collectif de la Scic<\/strong><\/p>\n<p>\n\n\n\n<\/p>\n<p>La \u00ab SCIC Le Comptoir JunaSol \u00bb a pour objet de satisfaire aux besoins exprim\u00e9s des associ\u00e9s. Cela pourra aller de la petite \u00e9picerie, simple du type sachet de sel jusqu\u2019\u00e0 la commande group\u00e9e de bouteilles de gaz, du nettoyage d\u2019ordinateur \u00e0 la n\u00e9gociation de contrat de mutuelle compl\u00e9mentaire, de fournisseur d\u2019\u00e9nergie, de formations, d\u2019ateliers de confection alimentaire, de mise en relation avec des professionnels, etc.<br>Les associ\u00e9s d\u00e9cideront eux-m\u00eames des orientations, des fournisseurs, des prix, des salari\u00e9s \u00e0 la majorit\u00e9 qualifi\u00e9e aux deux tiers.<\/p>\n<p>\n\n\n\n<\/p>\n<p><strong>Les valeurs et principes coop\u00e9ratifs<\/strong><\/p>\n<p>\n\n\n\n<\/p>\n<p>Le choix de la forme de soci\u00e9t\u00e9 coop\u00e9rative d\u2019int\u00e9r\u00eat collectif constitue une adh\u00e9sion \u00e0 des valeurs coop\u00e9ratives fondamentales telles qu\u2019elles sont d\u00e9finies par l\u2019Alliance Coop\u00e9rative Internationale avec notamment :<br>* la pr\u00e9\u00e9minence de la personne humaine ;<br>* la d\u00e9mocratie ; Toute discussion, toute r\u00e9union sera ax\u00e9e sur l\u2019int\u00e9r\u00eat commun. C\u2019est \u00e0 la lumi\u00e8re de l\u2019int\u00e9r\u00eat commun que les d\u00e9cisions seront prises. Pour cela les d\u00e9cisions seront act\u00e9es \u00e0 la majorit\u00e9 qualifi\u00e9e des deux tiers.<br>* la solidarit\u00e9 ; Le conseil de gouvernance d\u2019une douzaine de personnes fonctionnera<br>principalement sur le mode du consentement tandis que les d\u00e9cisions structurantes seront<br>prises par r\u00e9f\u00e9rendum (majorit\u00e9 qualifi\u00e9e aux deux tiers) de sorte que toute personne<br>agissant dans la SCIC sera solidaire des autres et de tous les autres. L\u2019int\u00e9r\u00eat individuel n\u2019y<br>aura pas de place autrement que s\u2019il est conforme \u00e0 l\u2019int\u00e9r\u00eat collectif. * un soci\u00e9tariat multiple ayant pour finalit\u00e9 l\u2019int\u00e9r\u00eat collectif au-del\u00e0 de l\u2019int\u00e9r\u00eat personnel de ses membres ; Les salari\u00e9s, les villageois et les producteurs seront invit\u00e9s \u00e0 rejoindre la SCIC SAS Le Comptoir JunaSol. C\u2019est ensemble que les meilleures d\u00e9cisions seront prises dans l\u2019int\u00e9r\u00eat de tous.<br>* l\u2019int\u00e9gration sociale, \u00e9conomique et culturelle, dans un territoire d\u00e9termin\u00e9 par l\u2019objet<br>social. De par sa structure et sa composition, la SCIC Le Comptoir JunaSol rayonnera sur le<br>territoire, cr\u00e9era de l\u2019emploi local, solidifiera la production locale et donnera l\u2019exemple \u00e0<br>d\u2019autres localit\u00e9s de copier le mod\u00e8le.<\/p>\n<p>\n\n\n<p><\/p>\n<p>\t\t\t\t\t\t\t\t\t\t\t\t<img loading=\"lazy\" decoding=\"async\" width=\"375\" height=\"500\" src=\"https:\/\/www.lecomptoirjunasol.coop\/wp-content\/uploads\/2023\/01\/IMG_20190116_090001.jpg\" alt=\"\" loading=\"lazy\" srcset=\"https:\/\/www.lecomptoirjunasol.coop\/wp-content\/uploads\/2023\/01\/IMG_20190116_090001.jpg 375w, https:\/\/www.lecomptoirjunasol.coop\/wp-content\/uploads\/2023\/01\/IMG_20190116_090001-225x300.jpg 225w\" sizes=\"auto, (max-width: 375px) 100vw, 375px\"><\/p>","protected":false},"excerpt":{"rendered":"<p>Votre commerce de proximit\u00e9 a pour but de vous offrir des produits et des services de qualit\u00e9, en privil\u00e9giant les circuits courts, au juste prix\u2026dans un lieu de rencontre et d\u2019\u00e9change appartenant \u00e0 TOUS ! Sous forme de SCIC, le Comptoir JunaSol sera au service du bien commun\u2026 R\u00e9pondre aux besoins de chacun par des [&hellip;]<\/p>\n","protected":false},"author":2,"featured_media":0,"parent":0,"menu_order":0,"comment_status":"closed","ping_status":"closed","template":"","meta":{"_mc_calendar":[],"footnotes":""},"class_list":["post-6","page","type-page","status-publish","hentry"],"_links":{"self":[{"href":"https:\/\/www.lecomptoirjunasol.coop\/index.php?rest_route=\/wp\/v2\/pages\/6","targetHints":{"allow":["GET"]}}],"collection":[{"href":"https:\/\/www.lecomptoirjunasol.coop\/index.php?rest_route=\/wp\/v2\/pages"}],"about":[{"href":"https:\/\/www.lecomptoirjunasol.coop\/index.php?rest_route=\/wp\/v2\/types\/page"}],"author":[{"embeddable":true,"href":"https:\/\/www.lecomptoirjunasol.coop\/index.php?rest_route=\/wp\/v2\/users\/2"}],"replies":[{"embeddable":true,"href":"https:\/\/www.lecomptoirjunasol.coop\/index.php?rest_route=%2Fwp%2Fv2%2Fcomments&post=6"}],"version-history":[{"count":15,"href":"https:\/\/www.lecomptoirjunasol.coop\/index.php?rest_route=\/wp\/v2\/pages\/6\/revisions"}],"predecessor-version":[{"id":2940,"href":"https:\/\/www.lecomptoirjunasol.coop\/index.php?rest_route=\/wp\/v2\/pages\/6\/revisions\/2940"}],"wp:attachment":[{"href":"https:\/\/www.lecomptoirjunasol.coop\/index.php?rest_route=%2Fwp%2Fv2%2Fmedia&parent=6"}],"curies":[{"name":"wp","href":"https:\/\/api.w.org\/{rel}","templated":true}]}}