{"id":66,"date":"2019-01-30T12:32:36","date_gmt":"2019-01-30T11:32:36","guid":{"rendered":"http:\/\/www.lecomptoirjunasol.coop\/?page_id=66"},"modified":"2021-06-06T15:34:01","modified_gmt":"2021-06-06T13:34:01","slug":"president-directeur-operationnel-et-salaries","status":"publish","type":"page","link":"https:\/\/www.lecomptoirjunasol.coop\/?page_id=66","title":{"rendered":"Organisation\/structure"},"content":{"rendered":"\n<p>La Scic SAS Le Comptoir JunaSol est une soci\u00e9t\u00e9 coop\u00e9rative d&rsquo;int\u00e9r\u00eat collectif.<\/p>\n\n\n\n<p>Un pr\u00e9sident, choisi parmi les soci\u00e9taires, porte juridiquement la soci\u00e9t\u00e9.<\/p>\n\n\n\n<p>Chaque ann\u00e9e, son mandat est remis en cause.<\/p>\n\n\n\n<p>Un conseil de gouvernance compos\u00e9 du  (ou des) salari\u00e9(s), du pr\u00e9sident et de 10 soci\u00e9taires tir\u00e9s au sort (consentants) et renouvel\u00e9 par moiti\u00e9 chaque ann\u00e9e.  <\/p>\n\n\n\n<p>Denis, le salari\u00e9, assure les d\u00e9cisions courantes.<\/p>\n\n\n\n<p>Le conseil de gouvernance se r\u00e9unit fr\u00e9quemment et prend les d\u00e9cisions moyennes par consentement.<\/p>\n\n\n\n<p>Toute d\u00e9cision importante est soumise \u00e0 l&rsquo;ensemble des soci\u00e9taires et les d\u00e9cisions sont prises au consentement autant que faire ce peut et \u00e0 la majorit\u00e9 des deux tiers si n\u00e9cessaire.<br><\/p>\n","protected":false},"excerpt":{"rendered":"<p>La Scic SAS Le Comptoir JunaSol est une soci\u00e9t\u00e9 coop\u00e9rative d&rsquo;int\u00e9r\u00eat collectif. Un pr\u00e9sident, choisi parmi les soci\u00e9taires, porte juridiquement la soci\u00e9t\u00e9. Chaque ann\u00e9e, son mandat est remis en cause. Un conseil de gouvernance compos\u00e9 du (ou des) salari\u00e9(s), du pr\u00e9sident et de 10 soci\u00e9taires tir\u00e9s au sort (consentants) et renouvel\u00e9 par moiti\u00e9 chaque ann\u00e9e. [&hellip;]<\/p>\n","protected":false},"author":1,"featured_media":0,"parent":0,"menu_order":0,"comment_status":"closed","ping_status":"closed","template":"","meta":{"_mc_calendar":[],"footnotes":""},"class_list":["post-66","page","type-page","status-publish","hentry"],"_links":{"self":[{"href":"https:\/\/www.lecomptoirjunasol.coop\/index.php?rest_route=\/wp\/v2\/pages\/66","targetHints":{"allow":["GET"]}}],"collection":[{"href":"https:\/\/www.lecomptoirjunasol.coop\/index.php?rest_route=\/wp\/v2\/pages"}],"about":[{"href":"https:\/\/www.lecomptoirjunasol.coop\/index.php?rest_route=\/wp\/v2\/types\/page"}],"author":[{"embeddable":true,"href":"https:\/\/www.lecomptoirjunasol.coop\/index.php?rest_route=\/wp\/v2\/users\/1"}],"replies":[{"embeddable":true,"href":"https:\/\/www.lecomptoirjunasol.coop\/index.php?rest_route=%2Fwp%2Fv2%2Fcomments&post=66"}],"version-history":[{"count":4,"href":"https:\/\/www.lecomptoirjunasol.coop\/index.php?rest_route=\/wp\/v2\/pages\/66\/revisions"}],"predecessor-version":[{"id":608,"href":"https:\/\/www.lecomptoirjunasol.coop\/index.php?rest_route=\/wp\/v2\/pages\/66\/revisions\/608"}],"wp:attachment":[{"href":"https:\/\/www.lecomptoirjunasol.coop\/index.php?rest_route=%2Fwp%2Fv2%2Fmedia&parent=66"}],"curies":[{"name":"wp","href":"https:\/\/api.w.org\/{rel}","templated":true}]}}