{"id":68,"date":"2019-01-30T12:33:04","date_gmt":"2019-01-30T11:33:04","guid":{"rendered":"http:\/\/www.lecomptoirjunasol.coop\/?page_id=68"},"modified":"2021-11-17T12:18:46","modified_gmt":"2021-11-17T11:18:46","slug":"conseil-de-gouvernance","status":"publish","type":"page","link":"https:\/\/www.lecomptoirjunasol.coop\/?page_id=68","title":{"rendered":"Conseil de gouvernance"},"content":{"rendered":"\n<p>Le conseil de gouvernance est compos\u00e9 du  (ou des) salari\u00e9(s) et de 10 soci\u00e9taires tir\u00e9s au sort (consentants) et renouvel\u00e9 par moiti\u00e9  chaque ann\u00e9e.  <\/p>\n\n\n\n<p>Le Conseil de Gouvernance choisit le Pr\u00e9sident.<\/p>\n\n\n\n<p>A ce jour, Damery assume la pr\u00e9sidence.<\/p>\n\n\n\n<p>Denis, le salari\u00e9, assure les d\u00e9cisions courantes.<\/p>\n\n\n\n<p>Lors de l&rsquo;AG de 2020 (tenue virtuellement en 2021), 5 personnes ont quitt\u00e9 le Conseil de Gouvernance et 5 autres ont \u00e9t\u00e9 tir\u00e9es au sort et ont accept\u00e9. Le conseil est d\u00e9sormais constitu\u00e9 de : Denis, Damery,  Claire de H., Claire L., C\u00e9dric, Karine, David, Dani\u00e8le, Birthe, Gr\u00e9gory, Max et Pascale.  <\/p>\n\n\n\n<p>Le conseil de gouvernance se r\u00e9unit fr\u00e9quemment et prend les d\u00e9cisions moyennes par consentement. L&rsquo;ordre du jour est public, travaill\u00e9 \u00e0 l&rsquo;avance dans la zone du Google Drive ci-dessous. Ses r\u00e9unions sont publiques, ses compte-rendus aussi et sont accessibles via le lien ci-dessous :<\/p>\n\n\n\n<p><\/p>\n\n\n\n<p><a href=\"https:\/\/drive.google.com\/open?id=1ddf4oF6lkS5epCGqr-wUWVV2NEaXnL4A\" target=\"_blank\" rel=\"noreferrer noopener\">Zone publique destin\u00e9e au Conseil de gouvernance<\/a><\/p>\n","protected":false},"excerpt":{"rendered":"<p>Le conseil de gouvernance est compos\u00e9 du (ou des) salari\u00e9(s) et de 10 soci\u00e9taires tir\u00e9s au sort (consentants) et renouvel\u00e9 par moiti\u00e9 chaque ann\u00e9e. Le Conseil de Gouvernance choisit le Pr\u00e9sident. A ce jour, Damery assume la pr\u00e9sidence. Denis, le salari\u00e9, assure les d\u00e9cisions courantes. Lors de l&rsquo;AG de 2020 (tenue virtuellement en 2021), 5 [&hellip;]<\/p>\n","protected":false},"author":1,"featured_media":0,"parent":0,"menu_order":0,"comment_status":"closed","ping_status":"closed","template":"","meta":{"_mc_calendar":[],"footnotes":""},"class_list":["post-68","page","type-page","status-publish","hentry"],"_links":{"self":[{"href":"https:\/\/www.lecomptoirjunasol.coop\/index.php?rest_route=\/wp\/v2\/pages\/68","targetHints":{"allow":["GET"]}}],"collection":[{"href":"https:\/\/www.lecomptoirjunasol.coop\/index.php?rest_route=\/wp\/v2\/pages"}],"about":[{"href":"https:\/\/www.lecomptoirjunasol.coop\/index.php?rest_route=\/wp\/v2\/types\/page"}],"author":[{"embeddable":true,"href":"https:\/\/www.lecomptoirjunasol.coop\/index.php?rest_route=\/wp\/v2\/users\/1"}],"replies":[{"embeddable":true,"href":"https:\/\/www.lecomptoirjunasol.coop\/index.php?rest_route=%2Fwp%2Fv2%2Fcomments&post=68"}],"version-history":[{"count":9,"href":"https:\/\/www.lecomptoirjunasol.coop\/index.php?rest_route=\/wp\/v2\/pages\/68\/revisions"}],"predecessor-version":[{"id":3039,"href":"https:\/\/www.lecomptoirjunasol.coop\/index.php?rest_route=\/wp\/v2\/pages\/68\/revisions\/3039"}],"wp:attachment":[{"href":"https:\/\/www.lecomptoirjunasol.coop\/index.php?rest_route=%2Fwp%2Fv2%2Fmedia&parent=68"}],"curies":[{"name":"wp","href":"https:\/\/api.w.org\/{rel}","templated":true}]}}