{"id":72,"date":"2019-01-30T12:34:16","date_gmt":"2019-01-30T11:34:16","guid":{"rendered":"http:\/\/www.lecomptoirjunasol.coop\/?page_id=72"},"modified":"2021-11-14T12:32:11","modified_gmt":"2021-11-14T11:32:11","slug":"documents","status":"publish","type":"page","link":"https:\/\/www.lecomptoirjunasol.coop\/?page_id=72","title":{"rendered":"Documents"},"content":{"rendered":"\n<p>Tous les documents publics se trouvent sur : <a href=\"https:\/\/drive.google.com\/drive\/folders\/0B2Z70l_dm9m8RzBPU0xXUWNGcE0?resourcekey=0-PlirIHBeg7bs9lCilFDEyQ&amp;usp=sharing\" target=\"_blank\" rel=\"noreferrer noopener\">https:\/\/drive.google.com\/drive\/folders\/0B2Z70l_dm9m8RzBPU0xXUWNGcE0?resourcekey=0-PlirIHBeg7bs9lCilFDEyQ&amp;usp=sharing<\/a><\/p>\n\n\n\n<p>N&rsquo;h\u00e9sitez pas \u00e0 consulter et comprendre les statuts ainsi que les autres documents qui vous int\u00e9ressent.<\/p>\n\n\n\n<p>Les documents migrent progressivement vers notre logiciel de Gestion d&rsquo;entreprise, Dolibarr<\/p>\n","protected":false},"excerpt":{"rendered":"<p>Tous les documents publics se trouvent sur : https:\/\/drive.google.com\/drive\/folders\/0B2Z70l_dm9m8RzBPU0xXUWNGcE0?resourcekey=0-PlirIHBeg7bs9lCilFDEyQ&amp;usp=sharing N&rsquo;h\u00e9sitez pas \u00e0 consulter et comprendre les statuts ainsi que les autres documents qui vous int\u00e9ressent. Les documents migrent progressivement vers notre logiciel de Gestion d&rsquo;entreprise, Dolibarr<\/p>\n","protected":false},"author":1,"featured_media":0,"parent":0,"menu_order":0,"comment_status":"closed","ping_status":"closed","template":"","meta":{"_mc_calendar":[],"footnotes":""},"class_list":["post-72","page","type-page","status-publish","hentry"],"_links":{"self":[{"href":"https:\/\/www.lecomptoirjunasol.coop\/index.php?rest_route=\/wp\/v2\/pages\/72","targetHints":{"allow":["GET"]}}],"collection":[{"href":"https:\/\/www.lecomptoirjunasol.coop\/index.php?rest_route=\/wp\/v2\/pages"}],"about":[{"href":"https:\/\/www.lecomptoirjunasol.coop\/index.php?rest_route=\/wp\/v2\/types\/page"}],"author":[{"embeddable":true,"href":"https:\/\/www.lecomptoirjunasol.coop\/index.php?rest_route=\/wp\/v2\/users\/1"}],"replies":[{"embeddable":true,"href":"https:\/\/www.lecomptoirjunasol.coop\/index.php?rest_route=%2Fwp%2Fv2%2Fcomments&post=72"}],"version-history":[{"count":3,"href":"https:\/\/www.lecomptoirjunasol.coop\/index.php?rest_route=\/wp\/v2\/pages\/72\/revisions"}],"predecessor-version":[{"id":728,"href":"https:\/\/www.lecomptoirjunasol.coop\/index.php?rest_route=\/wp\/v2\/pages\/72\/revisions\/728"}],"wp:attachment":[{"href":"https:\/\/www.lecomptoirjunasol.coop\/index.php?rest_route=%2Fwp%2Fv2%2Fmedia&parent=72"}],"curies":[{"name":"wp","href":"https:\/\/api.w.org\/{rel}","templated":true}]}}