{"id":81,"date":"2019-01-30T12:38:37","date_gmt":"2019-01-30T11:38:37","guid":{"rendered":"http:\/\/www.lecomptoirjunasol.coop\/?page_id=81"},"modified":"2025-01-19T16:27:50","modified_gmt":"2025-01-19T15:27:50","slug":"photos","status":"publish","type":"page","link":"https:\/\/www.lecomptoirjunasol.coop\/?page_id=81","title":{"rendered":"Photos"},"content":{"rendered":"\t\t<div data-elementor-type=\"wp-page\" data-elementor-id=\"81\" class=\"elementor elementor-81\">\n\t\t\t\t\t\t<section class=\"elementor-section elementor-top-section elementor-element elementor-element-68590f69 elementor-section-boxed elementor-section-height-default elementor-section-height-default\" data-id=\"68590f69\" data-element_type=\"section\">\n\t\t\t\t\t\t<div class=\"elementor-container elementor-column-gap-default\">\n\t\t\t\t\t<div class=\"elementor-column elementor-col-100 elementor-top-column elementor-element elementor-element-47a37bf6\" data-id=\"47a37bf6\" data-element_type=\"column\">\n\t\t\t<div class=\"elementor-widget-wrap elementor-element-populated\">\n\t\t\t\t\t\t<div class=\"elementor-element elementor-element-101378f2 elementor-widget elementor-widget-text-editor\" data-id=\"101378f2\" data-element_type=\"widget\" data-widget_type=\"text-editor.default\">\n\t\t\t\t<div class=\"elementor-widget-container\">\n\t\t\t\t\t\t\t\t\t\n<p>Les photos des diff\u00e9rents chantiers de r\u00e9habilitation de la grange, devenue la boutique du Comptoir JunaSol ainsi que les premi\u00e8res photos de l&rsquo;inauguration du 26\/01\/2019 sont dans \u00ab\u00a0photos\u00a0\u00bb ici : <a href=\"https:\/\/drive.google.com\/drive\/folders\/0B2Z70l_dm9m8RzBPU0xXUWNGcE0?resourcekey=0-PlirIHBeg7bs9lCilFDEyQ&amp;usp=sharing\" target=\"_blank\" rel=\"noreferrer noopener\">LCJ_Drive<\/a><\/p>\n\t\t\t\t\t\t\t\t<\/div>\n\t\t\t\t<\/div>\n\t\t\t\t\t<\/div>\n\t\t<\/div>\n\t\t\t\t\t<\/div>\n\t\t<\/section>\n\t\t\t\t<section class=\"elementor-section elementor-top-section elementor-element elementor-element-c783227 elementor-section-boxed elementor-section-height-default elementor-section-height-default\" data-id=\"c783227\" data-element_type=\"section\">\n\t\t\t\t\t\t<div class=\"elementor-container elementor-column-gap-default\">\n\t\t\t\t\t<div class=\"elementor-column elementor-col-100 elementor-top-column elementor-element elementor-element-df8a15b\" data-id=\"df8a15b\" data-element_type=\"column\">\n\t\t\t<div class=\"elementor-widget-wrap elementor-element-populated\">\n\t\t\t\t\t\t<div class=\"elementor-element elementor-element-3ae23f0 gallery-spacing-custom elementor-widget__width-inherit elementor-widget elementor-widget-image-gallery\" data-id=\"3ae23f0\" data-element_type=\"widget\" data-widget_type=\"image-gallery.default\">\n\t\t\t\t<div class=\"elementor-widget-container\">\n\t\t\t\t\t\t\t<div class=\"elementor-image-gallery\">\n\t\t\t<div id='gallery-1' class='gallery galleryid-81 gallery-columns-6 gallery-size-thumbnail'><figure class='gallery-item'>\n\t\t\t<div class='gallery-icon landscape'>\n\t\t\t\t<a data-elementor-open-lightbox=\"yes\" data-elementor-lightbox-slideshow=\"3ae23f0\" data-elementor-lightbox-title=\"images\" data-e-action-hash=\"#elementor-action%3Aaction%3Dlightbox%26settings%3DeyJpZCI6MzI5NSwidXJsIjoiaHR0cHM6XC9cL3d3dy5sZWNvbXB0b2lyanVuYXNvbC5jb29wXC93cC1jb250ZW50XC91cGxvYWRzXC8yMDI1XC8wMVwvaW1hZ2VzLmpwZyIsInNsaWRlc2hvdyI6IjNhZTIzZjAifQ%3D%3D\" href='https:\/\/www.lecomptoirjunasol.coop\/wp-content\/uploads\/2025\/01\/images.jpg'><img decoding=\"async\" width=\"150\" height=\"145\" src=\"https:\/\/www.lecomptoirjunasol.coop\/wp-content\/uploads\/2025\/01\/images-150x145.jpg\" class=\"attachment-thumbnail size-thumbnail\" alt=\"\" \/><\/a>\n\t\t\t<\/div><\/figure><figure class='gallery-item'>\n\t\t\t<div class='gallery-icon portrait'>\n\t\t\t\t<a data-elementor-open-lightbox=\"yes\" data-elementor-lightbox-slideshow=\"3ae23f0\" data-elementor-lightbox-title=\"unnamed\" data-e-action-hash=\"#elementor-action%3Aaction%3Dlightbox%26settings%3DeyJpZCI6Mjk4MiwidXJsIjoiaHR0cHM6XC9cL3d3dy5sZWNvbXB0b2lyanVuYXNvbC5jb29wXC93cC1jb250ZW50XC91cGxvYWRzXC8yMDI0XC8xMFwvdW5uYW1lZC1zY2FsZWQuanBnIiwic2xpZGVzaG93IjoiM2FlMjNmMCJ9\" href='https:\/\/www.lecomptoirjunasol.coop\/wp-content\/uploads\/2024\/10\/unnamed-scaled.jpg'><img decoding=\"async\" width=\"150\" height=\"150\" src=\"https:\/\/www.lecomptoirjunasol.coop\/wp-content\/uploads\/2024\/10\/unnamed-150x150.jpg\" class=\"attachment-thumbnail size-thumbnail\" alt=\"\" srcset=\"https:\/\/www.lecomptoirjunasol.coop\/wp-content\/uploads\/2024\/10\/unnamed-150x150.jpg 150w, https:\/\/www.lecomptoirjunasol.coop\/wp-content\/uploads\/2024\/10\/unnamed-324x324.jpg 324w, https:\/\/www.lecomptoirjunasol.coop\/wp-content\/uploads\/2024\/10\/unnamed-100x100.jpg 100w\" sizes=\"(max-width: 150px) 100vw, 150px\" \/><\/a>\n\t\t\t<\/div><\/figure><figure class='gallery-item'>\n\t\t\t<div class='gallery-icon landscape'>\n\t\t\t\t<a data-elementor-open-lightbox=\"yes\" data-elementor-lightbox-slideshow=\"3ae23f0\" data-elementor-lightbox-title=\"download\" data-e-action-hash=\"#elementor-action%3Aaction%3Dlightbox%26settings%3DeyJpZCI6MzI5NiwidXJsIjoiaHR0cHM6XC9cL3d3dy5sZWNvbXB0b2lyanVuYXNvbC5jb29wXC93cC1jb250ZW50XC91cGxvYWRzXC8yMDI1XC8wMVwvZG93bmxvYWQuanBnIiwic2xpZGVzaG93IjoiM2FlMjNmMCJ9\" href='https:\/\/www.lecomptoirjunasol.coop\/wp-content\/uploads\/2025\/01\/download.jpg'><img decoding=\"async\" width=\"150\" height=\"150\" src=\"https:\/\/www.lecomptoirjunasol.coop\/wp-content\/uploads\/2025\/01\/download-150x150.jpg\" class=\"attachment-thumbnail size-thumbnail\" alt=\"\" srcset=\"https:\/\/www.lecomptoirjunasol.coop\/wp-content\/uploads\/2025\/01\/download-150x150.jpg 150w, https:\/\/www.lecomptoirjunasol.coop\/wp-content\/uploads\/2025\/01\/download-100x100.jpg 100w\" sizes=\"(max-width: 150px) 100vw, 150px\" \/><\/a>\n\t\t\t<\/div><\/figure><figure class='gallery-item'>\n\t\t\t<div class='gallery-icon portrait'>\n\t\t\t\t<a data-elementor-open-lightbox=\"yes\" data-elementor-lightbox-slideshow=\"3ae23f0\" data-elementor-lightbox-title=\"download\" data-e-action-hash=\"#elementor-action%3Aaction%3Dlightbox%26settings%3DeyJpZCI6MzI5NywidXJsIjoiaHR0cHM6XC9cL3d3dy5sZWNvbXB0b2lyanVuYXNvbC5jb29wXC93cC1jb250ZW50XC91cGxvYWRzXC8yMDI1XC8wMVwvZG93bmxvYWQtMS5qcGciLCJzbGlkZXNob3ciOiIzYWUyM2YwIn0%3D\" href='https:\/\/www.lecomptoirjunasol.coop\/wp-content\/uploads\/2025\/01\/download-1.jpg'><img loading=\"lazy\" decoding=\"async\" width=\"150\" height=\"150\" src=\"https:\/\/www.lecomptoirjunasol.coop\/wp-content\/uploads\/2025\/01\/download-1-150x150.jpg\" class=\"attachment-thumbnail size-thumbnail\" alt=\"\" srcset=\"https:\/\/www.lecomptoirjunasol.coop\/wp-content\/uploads\/2025\/01\/download-1-150x150.jpg 150w, https:\/\/www.lecomptoirjunasol.coop\/wp-content\/uploads\/2025\/01\/download-1-100x100.jpg 100w\" sizes=\"(max-width: 150px) 100vw, 150px\" \/><\/a>\n\t\t\t<\/div><\/figure><figure class='gallery-item'>\n\t\t\t<div class='gallery-icon landscape'>\n\t\t\t\t<a data-elementor-open-lightbox=\"yes\" data-elementor-lightbox-slideshow=\"3ae23f0\" data-elementor-lightbox-title=\"images\" data-e-action-hash=\"#elementor-action%3Aaction%3Dlightbox%26settings%3DeyJpZCI6MzI5OCwidXJsIjoiaHR0cHM6XC9cL3d3dy5sZWNvbXB0b2lyanVuYXNvbC5jb29wXC93cC1jb250ZW50XC91cGxvYWRzXC8yMDI1XC8wMVwvaW1hZ2VzLTEuanBnIiwic2xpZGVzaG93IjoiM2FlMjNmMCJ9\" href='https:\/\/www.lecomptoirjunasol.coop\/wp-content\/uploads\/2025\/01\/images-1.jpg'><img loading=\"lazy\" decoding=\"async\" width=\"150\" height=\"150\" src=\"https:\/\/www.lecomptoirjunasol.coop\/wp-content\/uploads\/2025\/01\/images-1-150x150.jpg\" class=\"attachment-thumbnail size-thumbnail\" alt=\"\" srcset=\"https:\/\/www.lecomptoirjunasol.coop\/wp-content\/uploads\/2025\/01\/images-1-150x150.jpg 150w, https:\/\/www.lecomptoirjunasol.coop\/wp-content\/uploads\/2025\/01\/images-1-100x100.jpg 100w, https:\/\/www.lecomptoirjunasol.coop\/wp-content\/uploads\/2025\/01\/images-1.jpg 225w\" sizes=\"(max-width: 150px) 100vw, 150px\" \/><\/a>\n\t\t\t<\/div><\/figure><figure class='gallery-item'>\n\t\t\t<div class='gallery-icon landscape'>\n\t\t\t\t<a data-elementor-open-lightbox=\"yes\" data-elementor-lightbox-slideshow=\"3ae23f0\" data-elementor-lightbox-title=\"download\" data-e-action-hash=\"#elementor-action%3Aaction%3Dlightbox%26settings%3DeyJpZCI6MzI5OSwidXJsIjoiaHR0cHM6XC9cL3d3dy5sZWNvbXB0b2lyanVuYXNvbC5jb29wXC93cC1jb250ZW50XC91cGxvYWRzXC8yMDI1XC8wMVwvZG93bmxvYWQtMi5qcGciLCJzbGlkZXNob3ciOiIzYWUyM2YwIn0%3D\" href='https:\/\/www.lecomptoirjunasol.coop\/wp-content\/uploads\/2025\/01\/download-2.jpg'><img loading=\"lazy\" decoding=\"async\" width=\"150\" height=\"150\" src=\"https:\/\/www.lecomptoirjunasol.coop\/wp-content\/uploads\/2025\/01\/download-2-150x150.jpg\" class=\"attachment-thumbnail size-thumbnail\" alt=\"\" srcset=\"https:\/\/www.lecomptoirjunasol.coop\/wp-content\/uploads\/2025\/01\/download-2-150x150.jpg 150w, https:\/\/www.lecomptoirjunasol.coop\/wp-content\/uploads\/2025\/01\/download-2-100x100.jpg 100w\" sizes=\"(max-width: 150px) 100vw, 150px\" \/><\/a>\n\t\t\t<\/div><\/figure><figure class='gallery-item'>\n\t\t\t<div class='gallery-icon landscape'>\n\t\t\t\t<a data-elementor-open-lightbox=\"yes\" data-elementor-lightbox-slideshow=\"3ae23f0\" data-elementor-lightbox-title=\"download\" data-e-action-hash=\"#elementor-action%3Aaction%3Dlightbox%26settings%3DeyJpZCI6MzMwMCwidXJsIjoiaHR0cHM6XC9cL3d3dy5sZWNvbXB0b2lyanVuYXNvbC5jb29wXC93cC1jb250ZW50XC91cGxvYWRzXC8yMDI1XC8wMVwvZG93bmxvYWQtMy5qcGciLCJzbGlkZXNob3ciOiIzYWUyM2YwIn0%3D\" href='https:\/\/www.lecomptoirjunasol.coop\/wp-content\/uploads\/2025\/01\/download-3.jpg'><img loading=\"lazy\" decoding=\"async\" width=\"150\" height=\"150\" src=\"https:\/\/www.lecomptoirjunasol.coop\/wp-content\/uploads\/2025\/01\/download-3-150x150.jpg\" class=\"attachment-thumbnail size-thumbnail\" alt=\"\" srcset=\"https:\/\/www.lecomptoirjunasol.coop\/wp-content\/uploads\/2025\/01\/download-3-150x150.jpg 150w, https:\/\/www.lecomptoirjunasol.coop\/wp-content\/uploads\/2025\/01\/download-3-100x100.jpg 100w\" sizes=\"(max-width: 150px) 100vw, 150px\" \/><\/a>\n\t\t\t<\/div><\/figure><figure class='gallery-item'>\n\t\t\t<div class='gallery-icon portrait'>\n\t\t\t\t<a data-elementor-open-lightbox=\"yes\" data-elementor-lightbox-slideshow=\"3ae23f0\" data-elementor-lightbox-title=\"image\" data-e-action-hash=\"#elementor-action%3Aaction%3Dlightbox%26settings%3DeyJpZCI6MzMwMSwidXJsIjoiaHR0cHM6XC9cL3d3dy5sZWNvbXB0b2lyanVuYXNvbC5jb29wXC93cC1jb250ZW50XC91cGxvYWRzXC8yMDI1XC8wMVwvaW1hZ2UuanBnIiwic2xpZGVzaG93IjoiM2FlMjNmMCJ9\" href='https:\/\/www.lecomptoirjunasol.coop\/wp-content\/uploads\/2025\/01\/image.jpg'><img loading=\"lazy\" decoding=\"async\" width=\"150\" height=\"150\" src=\"https:\/\/www.lecomptoirjunasol.coop\/wp-content\/uploads\/2025\/01\/image-150x150.jpg\" class=\"attachment-thumbnail size-thumbnail\" alt=\"\" srcset=\"https:\/\/www.lecomptoirjunasol.coop\/wp-content\/uploads\/2025\/01\/image-150x150.jpg 150w, https:\/\/www.lecomptoirjunasol.coop\/wp-content\/uploads\/2025\/01\/image-324x324.jpg 324w, https:\/\/www.lecomptoirjunasol.coop\/wp-content\/uploads\/2025\/01\/image-100x100.jpg 100w\" sizes=\"(max-width: 150px) 100vw, 150px\" \/><\/a>\n\t\t\t<\/div><\/figure><figure class='gallery-item'>\n\t\t\t<div class='gallery-icon landscape'>\n\t\t\t\t<a data-elementor-open-lightbox=\"yes\" data-elementor-lightbox-slideshow=\"3ae23f0\" data-elementor-lightbox-title=\"download\" data-e-action-hash=\"#elementor-action%3Aaction%3Dlightbox%26settings%3DeyJpZCI6MzMwMiwidXJsIjoiaHR0cHM6XC9cL3d3dy5sZWNvbXB0b2lyanVuYXNvbC5jb29wXC93cC1jb250ZW50XC91cGxvYWRzXC8yMDI1XC8wMVwvZG93bmxvYWQtNC5qcGciLCJzbGlkZXNob3ciOiIzYWUyM2YwIn0%3D\" href='https:\/\/www.lecomptoirjunasol.coop\/wp-content\/uploads\/2025\/01\/download-4.jpg'><img loading=\"lazy\" decoding=\"async\" width=\"150\" height=\"150\" src=\"https:\/\/www.lecomptoirjunasol.coop\/wp-content\/uploads\/2025\/01\/download-4-150x150.jpg\" class=\"attachment-thumbnail size-thumbnail\" alt=\"\" srcset=\"https:\/\/www.lecomptoirjunasol.coop\/wp-content\/uploads\/2025\/01\/download-4-150x150.jpg 150w, https:\/\/www.lecomptoirjunasol.coop\/wp-content\/uploads\/2025\/01\/download-4-100x100.jpg 100w, https:\/\/www.lecomptoirjunasol.coop\/wp-content\/uploads\/2025\/01\/download-4.jpg 225w\" sizes=\"(max-width: 150px) 100vw, 150px\" \/><\/a>\n\t\t\t<\/div><\/figure><figure class='gallery-item'>\n\t\t\t<div class='gallery-icon landscape'>\n\t\t\t\t<a data-elementor-open-lightbox=\"yes\" data-elementor-lightbox-slideshow=\"3ae23f0\" data-elementor-lightbox-title=\"download\" data-e-action-hash=\"#elementor-action%3Aaction%3Dlightbox%26settings%3DeyJpZCI6MzMwMywidXJsIjoiaHR0cHM6XC9cL3d3dy5sZWNvbXB0b2lyanVuYXNvbC5jb29wXC93cC1jb250ZW50XC91cGxvYWRzXC8yMDI1XC8wMVwvZG93bmxvYWQtNS5qcGciLCJzbGlkZXNob3ciOiIzYWUyM2YwIn0%3D\" href='https:\/\/www.lecomptoirjunasol.coop\/wp-content\/uploads\/2025\/01\/download-5.jpg'><img loading=\"lazy\" decoding=\"async\" width=\"150\" height=\"150\" src=\"https:\/\/www.lecomptoirjunasol.coop\/wp-content\/uploads\/2025\/01\/download-5-150x150.jpg\" class=\"attachment-thumbnail size-thumbnail\" alt=\"\" srcset=\"https:\/\/www.lecomptoirjunasol.coop\/wp-content\/uploads\/2025\/01\/download-5-150x150.jpg 150w, https:\/\/www.lecomptoirjunasol.coop\/wp-content\/uploads\/2025\/01\/download-5-100x100.jpg 100w, https:\/\/www.lecomptoirjunasol.coop\/wp-content\/uploads\/2025\/01\/download-5.jpg 225w\" sizes=\"(max-width: 150px) 100vw, 150px\" \/><\/a>\n\t\t\t<\/div><\/figure><figure class='gallery-item'>\n\t\t\t<div class='gallery-icon portrait'>\n\t\t\t\t<a data-elementor-open-lightbox=\"yes\" data-elementor-lightbox-slideshow=\"3ae23f0\" data-elementor-lightbox-title=\"download\" data-e-action-hash=\"#elementor-action%3Aaction%3Dlightbox%26settings%3DeyJpZCI6MzMwNCwidXJsIjoiaHR0cHM6XC9cL3d3dy5sZWNvbXB0b2lyanVuYXNvbC5jb29wXC93cC1jb250ZW50XC91cGxvYWRzXC8yMDI1XC8wMVwvZG93bmxvYWQtNi5qcGciLCJzbGlkZXNob3ciOiIzYWUyM2YwIn0%3D\" href='https:\/\/www.lecomptoirjunasol.coop\/wp-content\/uploads\/2025\/01\/download-6.jpg'><img loading=\"lazy\" decoding=\"async\" width=\"150\" height=\"150\" src=\"https:\/\/www.lecomptoirjunasol.coop\/wp-content\/uploads\/2025\/01\/download-6-150x150.jpg\" class=\"attachment-thumbnail size-thumbnail\" alt=\"\" srcset=\"https:\/\/www.lecomptoirjunasol.coop\/wp-content\/uploads\/2025\/01\/download-6-150x150.jpg 150w, https:\/\/www.lecomptoirjunasol.coop\/wp-content\/uploads\/2025\/01\/download-6-100x100.jpg 100w\" sizes=\"(max-width: 150px) 100vw, 150px\" \/><\/a>\n\t\t\t<\/div><\/figure><figure class='gallery-item'>\n\t\t\t<div class='gallery-icon landscape'>\n\t\t\t\t<a data-elementor-open-lightbox=\"yes\" data-elementor-lightbox-slideshow=\"3ae23f0\" data-elementor-lightbox-title=\"download\" data-e-action-hash=\"#elementor-action%3Aaction%3Dlightbox%26settings%3DeyJpZCI6MzMwNSwidXJsIjoiaHR0cHM6XC9cL3d3dy5sZWNvbXB0b2lyanVuYXNvbC5jb29wXC93cC1jb250ZW50XC91cGxvYWRzXC8yMDI1XC8wMVwvZG93bmxvYWQtNy5qcGciLCJzbGlkZXNob3ciOiIzYWUyM2YwIn0%3D\" href='https:\/\/www.lecomptoirjunasol.coop\/wp-content\/uploads\/2025\/01\/download-7.jpg'><img loading=\"lazy\" decoding=\"async\" width=\"150\" height=\"150\" src=\"https:\/\/www.lecomptoirjunasol.coop\/wp-content\/uploads\/2025\/01\/download-7-150x150.jpg\" class=\"attachment-thumbnail size-thumbnail\" alt=\"\" srcset=\"https:\/\/www.lecomptoirjunasol.coop\/wp-content\/uploads\/2025\/01\/download-7-150x150.jpg 150w, https:\/\/www.lecomptoirjunasol.coop\/wp-content\/uploads\/2025\/01\/download-7-100x100.jpg 100w\" sizes=\"(max-width: 150px) 100vw, 150px\" \/><\/a>\n\t\t\t<\/div><\/figure>\n\t\t<\/div>\n\t\t<\/div>\n\t\t\t\t\t\t<\/div>\n\t\t\t\t<\/div>\n\t\t\t\t\t<\/div>\n\t\t<\/div>\n\t\t\t\t\t<\/div>\n\t\t<\/section>\n\t\t\t\t<section class=\"elementor-section elementor-top-section elementor-element elementor-element-c6afa83 elementor-section-boxed elementor-section-height-default elementor-section-height-default\" data-id=\"c6afa83\" data-element_type=\"section\">\n\t\t\t\t\t\t<div class=\"elementor-container elementor-column-gap-default\">\n\t\t\t\t\t<div class=\"elementor-column elementor-col-100 elementor-top-column elementor-element elementor-element-dfbdd9a\" data-id=\"dfbdd9a\" data-element_type=\"column\">\n\t\t\t<div class=\"elementor-widget-wrap\">\n\t\t\t\t\t\t\t<\/div>\n\t\t<\/div>\n\t\t\t\t\t<\/div>\n\t\t<\/section>\n\t\t\t\t<\/div>\n\t\t","protected":false},"excerpt":{"rendered":"<p>Les photos des diff\u00e9rents chantiers de r\u00e9habilitation de la grange, devenue la boutique du Comptoir JunaSol ainsi que les premi\u00e8res photos de l&rsquo;inauguration du 26\/01\/2019 sont dans \u00ab\u00a0photos\u00a0\u00bb ici : LCJ_Drive<\/p>\n","protected":false},"author":1,"featured_media":0,"parent":0,"menu_order":0,"comment_status":"closed","ping_status":"closed","template":"","meta":{"_mc_calendar":[],"footnotes":""},"class_list":["post-81","page","type-page","status-publish","hentry"],"_links":{"self":[{"href":"https:\/\/www.lecomptoirjunasol.coop\/index.php?rest_route=\/wp\/v2\/pages\/81","targetHints":{"allow":["GET"]}}],"collection":[{"href":"https:\/\/www.lecomptoirjunasol.coop\/index.php?rest_route=\/wp\/v2\/pages"}],"about":[{"href":"https:\/\/www.lecomptoirjunasol.coop\/index.php?rest_route=\/wp\/v2\/types\/page"}],"author":[{"embeddable":true,"href":"https:\/\/www.lecomptoirjunasol.coop\/index.php?rest_route=\/wp\/v2\/users\/1"}],"replies":[{"embeddable":true,"href":"https:\/\/www.lecomptoirjunasol.coop\/index.php?rest_route=%2Fwp%2Fv2%2Fcomments&post=81"}],"version-history":[{"count":25,"href":"https:\/\/www.lecomptoirjunasol.coop\/index.php?rest_route=\/wp\/v2\/pages\/81\/revisions"}],"predecessor-version":[{"id":3311,"href":"https:\/\/www.lecomptoirjunasol.coop\/index.php?rest_route=\/wp\/v2\/pages\/81\/revisions\/3311"}],"wp:attachment":[{"href":"https:\/\/www.lecomptoirjunasol.coop\/index.php?rest_route=%2Fwp%2Fv2%2Fmedia&parent=81"}],"curies":[{"name":"wp","href":"https:\/\/api.w.org\/{rel}","templated":true}]}}