{"id":85,"date":"2019-01-30T12:39:55","date_gmt":"2019-01-30T11:39:55","guid":{"rendered":"http:\/\/www.lecomptoirjunasol.coop\/?page_id=85"},"modified":"2025-01-23T22:53:11","modified_gmt":"2025-01-23T21:53:11","slug":"organigramme","status":"publish","type":"page","link":"https:\/\/www.lecomptoirjunasol.coop\/?page_id=85","title":{"rendered":"Organigramme"},"content":{"rendered":"\t\t<div data-elementor-type=\"wp-page\" data-elementor-id=\"85\" class=\"elementor elementor-85\">\n\t\t\t\t\t\t<section class=\"elementor-section elementor-top-section elementor-element elementor-element-fcd7295 elementor-section-boxed elementor-section-height-default elementor-section-height-default\" data-id=\"fcd7295\" data-element_type=\"section\">\n\t\t\t\t\t\t<div class=\"elementor-container elementor-column-gap-default\">\n\t\t\t\t\t<div class=\"elementor-column elementor-col-100 elementor-top-column elementor-element elementor-element-bc573b6\" data-id=\"bc573b6\" data-element_type=\"column\">\n\t\t\t<div class=\"elementor-widget-wrap elementor-element-populated\">\n\t\t\t\t\t\t<div class=\"elementor-element elementor-element-7a74499 elementor-widget elementor-widget-html\" data-id=\"7a74499\" data-element_type=\"widget\" data-widget_type=\"html.default\">\n\t\t\t\t<div class=\"elementor-widget-container\">\n\t\t\t\t\t<iframe width=\"600\" height=\"800\" style=\"border: 1px solid #d0d0d0; border-radius: 6px;\" src=\"https:\/\/www.mindomo.com\/mindmap\/conseil-de-gouvernance-314bcb89085444daaa05d7409a93b9e9\" frameborder=\"0\" allowfullscreen>\r\n    Your browser does not support frames. \r\n    <a href=\"https:\/\/www.mindomo.com\/mindmap\/conseil-de-gouvernance-314bcb89085444daaa05d7409a93b9e9\" target=\"_blank\">\r\n        View this map on its original site\r\n    <\/a>. \r\n    It was created using <a href=\"https:\/\/www.mindomo.com\" target=\"_blank\">Mindomo<\/a>.\r\n<\/iframe>\r\n\t\t\t\t<\/div>\n\t\t\t\t<\/div>\n\t\t\t\t\t<\/div>\n\t\t<\/div>\n\t\t\t\t\t<\/div>\n\t\t<\/section>\n\t\t\t\t<section class=\"elementor-section elementor-top-section elementor-element elementor-element-2c67ab9c elementor-section-boxed elementor-section-height-default elementor-section-height-default\" data-id=\"2c67ab9c\" data-element_type=\"section\">\n\t\t\t\t\t\t<div class=\"elementor-container elementor-column-gap-default\">\n\t\t\t\t\t<div class=\"elementor-column elementor-col-100 elementor-top-column elementor-element elementor-element-42009eff\" data-id=\"42009eff\" data-element_type=\"column\">\n\t\t\t<div class=\"elementor-widget-wrap elementor-element-populated\">\n\t\t\t\t\t\t<div class=\"elementor-element elementor-element-2ccb555 elementor-widget elementor-widget-html\" data-id=\"2ccb555\" data-element_type=\"widget\" data-widget_type=\"html.default\">\n\t\t\t\t<div class=\"elementor-widget-container\">\n\t\t\t\t\t<!DOCTYPE html>\r\n<html lang=\"fr\">\r\n<head>\r\n    <meta charset=\"UTF-8\">\r\n    <meta name=\"viewport\" content=\"width=device-width, initial-scale=1.0\">\r\n    <title>Nos Produits - Le Comptoir Junasol<\/title>\r\n    <link href=\"https:\/\/fonts.googleapis.com\/css?family=Roboto:300,400,500&display=swap\" rel=\"stylesheet\">\r\n    <style>\r\n        body {\r\n            font-family: 'Roboto', sans-serif;\r\n            margin: 0;\r\n            padding: 0;\r\n            background-color: #f5f5f5;\r\n            color: #333;\r\n            line-height: 1.6;\r\n        }\r\n        .container {\r\n            max-width: 1200px;\r\n            margin: 0 auto;\r\n            padding: 20px;\r\n        }\r\n        h2 {\r\n            text-align: center;\r\n            margin-bottom: 30px;\r\n        }\r\n        .products {\r\n            display: grid;\r\n            grid-template-columns: repeat(auto-fit, minmax(250px, 1fr));\r\n            gap: 20px;\r\n        }\r\n        .product-card {\r\n            background-color: white;\r\n            border-radius: 8px;\r\n            box-shadow: 0 2px 4px rgba(0,0,0,0.1);\r\n            overflow: hidden;\r\n            transition: transform 0.3s ease;\r\n        }\r\n        .product-card:hover {\r\n            transform: translateY(-5px);\r\n        }\r\n        .product-card img {\r\n            width: 100%;\r\n            height: 200px;\r\n            object-fit: cover;\r\n        }\r\n        .product-info {\r\n            padding: 15px;\r\n        }\r\n        .product-info h3 {\r\n            margin: 0 0 10px;\r\n            font-size: 1.2em;\r\n        }\r\n        .product-info p {\r\n            color: #666;\r\n            margin: 0;\r\n            font-size: 0.9em;\r\n        }\r\n    <\/style>\r\n<\/head>\r\n<body>\r\n    <main class=\"container\">\r\n        <h2>Nos Produits<\/h2>\r\n        <div class=\"products\">\r\n            <div class=\"product-card\">\r\n                <img decoding=\"async\" src=\"https:\/\/images.unsplash.com\/photo-1610348725531-843dff563e2c\" alt=\"Panier de l\u00e9gumes bio\">\r\n                <div class=\"product-info\">\r\n                    <h3>Panier de l\u00e9gumes bio<\/h3>\r\n                    <p>Assortiment de l\u00e9gumes de saison cultiv\u00e9s localement<\/p>\r\n                <\/div>\r\n            <\/div>\r\n            <div class=\"product-card\">\r\n                <img decoding=\"async\" src=\"https:\/\/static.wixstatic.com\/media\/ca01e6_7632b1fef17947c3ac6783d4e9b774d2~mv2.jpg\/v1\/fill\/w_500,h_667,al_c,q_80,usm_0.66_1.00_0.01,enc_auto\/ca01e6_7632b1fef17947c3ac6783d4e9b774d2~mv2.jpg\" alt=\"Miel artisanal\">\r\n                <div class=\"product-info\">\r\n                    <h3>Miel artisanal<\/h3>\r\n                    <p>Miel produit par nos apiculteurs partenaires<\/p>\r\n                <\/div>\r\n            <\/div>\r\n            <div class=\"product-card\">\r\n                <img decoding=\"async\" src=\"https:\/\/images.unsplash.com\/photo-1486297678162-eb2a19b0a32d\" alt=\"Fromages fermiers\">\r\n                <div class=\"product-info\">\r\n                    <h3>Fromages fermiers<\/h3>\r\n                    <p>S\u00e9lection de fromages de nos producteurs locaux<\/p>\r\n                <\/div>\r\n            <\/div>\r\n            <div class=\"product-card\">\r\n                <img decoding=\"async\" src=\"https:\/\/images.unsplash.com\/photo-1474979266404-7eaacbcd87c5\" alt=\"Huile d'olive bio\">\r\n                <div class=\"product-info\">\r\n                    <h3>Huile d'olive bio<\/h3>\r\n                    <p>Huile d'olive extra vierge press\u00e9e \u00e0 froid<\/p>\r\n                <\/div>\r\n            <\/div>\r\n        <\/div>\r\n    <\/main>\r\n<\/body>\r\n<\/html>\r\n\t\t\t\t<\/div>\n\t\t\t\t<\/div>\n\t\t\t\t<div class=\"elementor-element elementor-element-16655d4e elementor-widget elementor-widget-text-editor\" data-id=\"16655d4e\" data-element_type=\"widget\" data-widget_type=\"text-editor.default\">\n\t\t\t\t<div class=\"elementor-widget-container\">\n\t\t\t\t\t\t\t\t\t<p>En boutique, vous trouverez les produits d&rsquo;alimentation essentiels, des bio, des pas bio, du local, du pas local, en vrac ou emball\u00e9s et, autant que possible, plusieurs gammes vous seront propos\u00e9es.<\/p>\n<p><span style=\"color: var( --e-global-color-text ); font-family: var( --e-global-typography-text-font-family ), Sans-serif; font-weight: var( --e-global-typography-text-font-weight );\">Vous trouverez \u00e9galement des essuie-tout, du papier toilette, des produits d&rsquo;entretien\u00a0<\/span>Vous trouverez les commandes group\u00e9es en cours qui sont accessibles aux coop\u00e9rateurs. Vous aurez aussi acc\u00e8s \u00e0 un ordinateur connect\u00e9 \u00e0 internet que vous pourrez utiliser en libre service ou en service assist\u00e9 si vous en avez le besoin.<\/p>\n<p><!-- \/wp:paragraph --><\/p>\n<p><!-- wp:paragraph --><\/p>\n<p><!-- \/wp:paragraph --><\/p>\n<p><!-- wp:paragraph --><\/p>\n<p><!-- \/wp:paragraph --><\/p>\n<p><!-- wp:paragraph --><\/p>\n<p><!-- \/wp:paragraph --><\/p>\n<p><!-- wp:paragraph --><\/p>\n<p><!-- \/wp:paragraph --><\/p>\t\t\t\t\t\t\t\t<\/div>\n\t\t\t\t<\/div>\n\t\t\t\t<div class=\"elementor-element elementor-element-618b869 elementor-widget elementor-widget-html\" data-id=\"618b869\" data-element_type=\"widget\" data-widget_type=\"html.default\">\n\t\t\t\t<div class=\"elementor-widget-container\">\n\t\t\t\t\t<form method=\"post\" action=\"https:\/\/newsletter.infomaniak.com\/v3\/api\/1\/newsletters\/webforms\/19646\/submit\" class=\"newsletter-form\">\r\n  <input type=\"hidden\" name=\"key\" value=\"eyJpdiI6Inh1eGE4VEJCdHJiWmhmM3VtNWFqaEFORVByXC81NVh4Z09BS1NUYTd4QWFFPSIsIm1hYyI6ImZjNzRjNmVlOGMzZGU5MmM4N2U0M2E1Njg4MjExMzdlNmViZjY3OGY1NzE1ZGU0MjE1ZWRhNmYwYTEwNTUwM2IiLCJ2YWx1ZSI6ImxGUHNzU3piRjZVR2dnZmNxSFRHbWV3T3IyUzh4VXNibHp5VG5nOTVFa0U9In0=\">\r\n  <input type=\"hidden\" name=\"webform_id\" value=\"19646\">\r\n  \r\n  <div class=\"form-container\">\r\n      <p>Abonnez vous \u00e0 la Gazette pour ne pas manquez les promotions et les nouveaut\u00e9s que nous r\u00e9servons \u00e0 nos fid\u00e8les abonn\u00e9s.<\/p>\r\n    \r\n    <div class=\"form-field\">\r\n      <input type=\"email\" name=\"inf[1]\" id=\"email\" required placeholder=\"\">\r\n      <label for=\"email\">Adresse e-mail *<\/label>\r\n    <\/div>\r\n    \r\n    <p class=\"privacy-notice\">Votre adresse de messagerie est uniquement utilis\u00e9e pour vous envoyer notre lettre d'information ainsi que des informations concernant nos activit\u00e9s. Vous pouvez \u00e0 tout moment utiliser le lien de d\u00e9sabonnement int\u00e9gr\u00e9 dans chacun de nos mails.<\/p>\r\n    \r\n    <div class=\"captcha-container\">\r\n      <div id=\"mcaptcha__widget-container\"><\/div>\r\n    <\/div>\r\n    \r\n    <button type=\"submit\" class=\"submit-btn\">S'abonner<\/button>\r\n  <\/div>\r\n<\/form>\r\n\r\n<style>\r\n  .newsletter-form {\r\n    max-width: 10000px;\r\n    margin: 0 auto;\r\n    padding: 24px;\r\n    background-color: #ffffff;\r\n    border-radius: 8px;\r\n    box-shadow: 0 2px 4px rgba(0,0,0,0.1);\r\n  }\r\n  \r\n  .form-container {\r\n    display: flex;\r\n    flex-direction: column;\r\n    gap: 16px;\r\n  }\r\n  \r\n  h2 {\r\n    font-size: 24px;\r\n    color: #333333;\r\n    margin: 0;\r\n  }\r\n  \r\n  p {\r\n    font-size: 14px;\r\n    color: #666666;\r\n    margin: 0;\r\n  }\r\n  \r\n  .form-field {\r\n    position: relative;\r\n  }\r\n  \r\n  input[type=\"email\"] {\r\n    width: 100%;\r\n    padding: 12px;\r\n    font-size: 16px;\r\n    border: 1px solid #cccccc;\r\n    border-radius: 4px;\r\n    transition: border-color 0.3s;\r\n  }\r\n  \r\n  input[type=\"email\"]:focus {\r\n    border-color: #4CAF50;\r\n    outline: none;\r\n  }\r\n  \r\n  label {\r\n    position: absolute;\r\n    top: 12px;\r\n    left: 12px;\r\n    font-size: 16px;\r\n    color: #999999;\r\n    transition: all 0.3s;\r\n    pointer-events: none;\r\n  }\r\n  \r\n  input[type=\"email\"]:focus + label,\r\n  input[type=\"email\"]:not(:placeholder-shown) + label {\r\n    top: -8px;\r\n    left: 8px;\r\n    font-size: 12px;\r\n    color: #4CAF50;\r\n    background-color: #ffffff;\r\n    padding: 0 4px;\r\n  }\r\n  \r\n  .privacy-notice {\r\n    font-size: 12px;\r\n    color: #999999;\r\n  }\r\n  \r\n  .submit-btn {\r\n    background-color: #4CAF50;\r\n    color: #ffffff;\r\n    border: none;\r\n    padding: 12px 24px;\r\n    font-size: 16px;\r\n    border-radius: 4px;\r\n    cursor: pointer;\r\n    transition: background-color 0.3s;\r\n  }\r\n  \r\n  .submit-btn:hover {\r\n    background-color: #45a049;\r\n  }\r\n<\/style>\r\n\r\n<script src=\"https:\/\/unpkg.com\/@mcaptcha\/vanilla-glue@0.1.0-rc2\/dist\/index.js\"><\/script>\r\n\t\t\t\t<\/div>\n\t\t\t\t<\/div>\n\t\t\t\t<div class=\"elementor-element elementor-element-fae7da0 elementor-widget__width-initial elementor-widget elementor-widget-html\" data-id=\"fae7da0\" data-element_type=\"widget\" data-widget_type=\"html.default\">\n\t\t\t\t<div class=\"elementor-widget-container\">\n\t\t\t\t\t<!DOCTYPE html>\r\n<html lang=\"fr\">\r\n<head>\r\n    <meta charset=\"UTF-8\">\r\n    <meta name=\"viewport\" content=\"width=device-width, initial-scale=1.0\">\r\n       <style>\r\n        body {\r\n            margin: 0;\r\n            font-family: Arial, sans-serif;\r\n            background-color: #f4f4f4;\r\n        }\r\n\r\n        .container {\r\n            margin: 20px auto;\r\n            padding: 20px;\r\n            width: 100%;\r\n            max-width: 1200px;\r\n            background: white;\r\n            box-shadow: 0 4px 6px rgba(0, 0, 0, 0.1);\r\n            border-radius: 8px;\r\n        }\r\n\r\n        .iframe-wrapper {\r\n            position: relative;\r\n            width: 100%;\r\n            max-width: 800px;\r\n            height: 1131px; \/* A4 proportion *\/\r\n            margin: 0 auto;\r\n            overflow: hidden;\r\n            border-radius: 8px;\r\n            box-shadow: 0 2px 4px rgba(0, 0, 0, 0.1);\r\n        }\r\n\r\n        .iframe-wrapper iframe {\r\n            position: absolute;\r\n            top: 0;\r\n            left: 0;\r\n            width: 100%;\r\n            height: 100%;\r\n            border: none;\r\n        }\r\n\r\n        @media (max-width: 768px) {\r\n            .container {\r\n                margin: 10px;\r\n                padding: 10px;\r\n            }\r\n\r\n            .iframe-wrapper {\r\n                height: 800px;\r\n            }\r\n        }\r\n    <\/style>\r\n<\/head>\r\n<body>\r\n    <div class=\"container\">\r\n     \r\n       \r\n        <div class=\"iframe-wrapper\">\r\n            <iframe src=\"https:\/\/docs.google.com\/document\/d\/e\/2PACX-1vQZB1D8uHmvem0XQT98ZREwkNTJzEr2IsCxHBcmqgkESKE8BIy7hU1vGVYLxZFfBg7h0ll-6LOtiyml\/pub?embedded=true\"><\/iframe>\r\n        <\/div>\r\n    <\/div>\r\n<\/body>\r\n<\/html>\t\t\t\t<\/div>\n\t\t\t\t<\/div>\n\t\t\t\t\t<\/div>\n\t\t<\/div>\n\t\t\t\t\t<\/div>\n\t\t<\/section>\n\t\t\t\t<section class=\"elementor-section elementor-top-section elementor-element elementor-element-0fb33c7 elementor-section-boxed elementor-section-height-default elementor-section-height-default\" data-id=\"0fb33c7\" data-element_type=\"section\">\n\t\t\t\t\t\t<div class=\"elementor-container elementor-column-gap-default\">\n\t\t\t\t\t<div class=\"elementor-column elementor-col-100 elementor-top-column elementor-element elementor-element-ed4c0cb\" data-id=\"ed4c0cb\" data-element_type=\"column\">\n\t\t\t<div class=\"elementor-widget-wrap\">\n\t\t\t\t\t\t\t<\/div>\n\t\t<\/div>\n\t\t\t\t\t<\/div>\n\t\t<\/section>\n\t\t\t\t<\/div>\n\t\t","protected":false},"excerpt":{"rendered":"<p>Your browser does not support frames. View this map on its original site . It was created using Mindomo. Nos Produits &#8211; Le Comptoir Junasol Nos Produits Panier de l\u00e9gumes bio Assortiment de l\u00e9gumes de saison cultiv\u00e9s localement Miel artisanal Miel produit par nos apiculteurs partenaires Fromages fermiers S\u00e9lection de fromages de nos producteurs locaux [&hellip;]<\/p>\n","protected":false},"author":1,"featured_media":0,"parent":0,"menu_order":0,"comment_status":"closed","ping_status":"closed","template":"","meta":{"_mc_calendar":[],"footnotes":""},"class_list":["post-85","page","type-page","status-publish","hentry"],"_links":{"self":[{"href":"https:\/\/www.lecomptoirjunasol.coop\/index.php?rest_route=\/wp\/v2\/pages\/85","targetHints":{"allow":["GET"]}}],"collection":[{"href":"https:\/\/www.lecomptoirjunasol.coop\/index.php?rest_route=\/wp\/v2\/pages"}],"about":[{"href":"https:\/\/www.lecomptoirjunasol.coop\/index.php?rest_route=\/wp\/v2\/types\/page"}],"author":[{"embeddable":true,"href":"https:\/\/www.lecomptoirjunasol.coop\/index.php?rest_route=\/wp\/v2\/users\/1"}],"replies":[{"embeddable":true,"href":"https:\/\/www.lecomptoirjunasol.coop\/index.php?rest_route=%2Fwp%2Fv2%2Fcomments&post=85"}],"version-history":[{"count":83,"href":"https:\/\/www.lecomptoirjunasol.coop\/index.php?rest_route=\/wp\/v2\/pages\/85\/revisions"}],"predecessor-version":[{"id":3692,"href":"https:\/\/www.lecomptoirjunasol.coop\/index.php?rest_route=\/wp\/v2\/pages\/85\/revisions\/3692"}],"wp:attachment":[{"href":"https:\/\/www.lecomptoirjunasol.coop\/index.php?rest_route=%2Fwp%2Fv2%2Fmedia&parent=85"}],"curies":[{"name":"wp","href":"https:\/\/api.w.org\/{rel}","templated":true}]}}