{"id":945,"date":"2022-06-08T08:55:13","date_gmt":"2022-06-08T06:55:13","guid":{"rendered":"https:\/\/www.lecomptoirjunasol.coop\/?page_id=945"},"modified":"2023-02-13T23:45:46","modified_gmt":"2023-02-13T22:45:46","slug":"arriere-boutique","status":"publish","type":"page","link":"https:\/\/www.lecomptoirjunasol.coop\/?page_id=945","title":{"rendered":"Arri\u00e8re Boutique"},"content":{"rendered":"\t\t<div data-elementor-type=\"wp-page\" data-elementor-id=\"945\" class=\"elementor elementor-945\">\n\t\t\t\t\t\t<section class=\"elementor-section elementor-top-section elementor-element elementor-element-04bf656 elementor-section-boxed elementor-section-height-default elementor-section-height-default\" data-id=\"04bf656\" data-element_type=\"section\">\n\t\t\t\t\t\t<div class=\"elementor-container elementor-column-gap-default\">\n\t\t\t\t\t<div class=\"elementor-column elementor-col-50 elementor-top-column elementor-element elementor-element-1e56a2f\" data-id=\"1e56a2f\" data-element_type=\"column\">\n\t\t\t<div class=\"elementor-widget-wrap elementor-element-populated\">\n\t\t\t\t\t\t<div class=\"elementor-element elementor-element-2ff6c4f elementor-widget elementor-widget-image\" data-id=\"2ff6c4f\" data-element_type=\"widget\" data-widget_type=\"image.default\">\n\t\t\t\t<div class=\"elementor-widget-container\">\n\t\t\t\t\t\t\t\t\t\t\t\t<figure class=\"wp-caption\">\n\t\t\t\t\t\t\t\t\t\t\t<a href=\"https:\/\/drive.google.com\/file\/d\/1sZ4wgKbiGKB8kSHhnVqVQn2J3AH3GerR\/view?usp=sharing\">\n\t\t\t\t\t\t\t<img decoding=\"async\" width=\"150\" height=\"150\" src=\"https:\/\/www.lecomptoirjunasol.coop\/wp-content\/uploads\/2023\/02\/proximit-charte-informatique-150x150.jpg\" class=\"attachment-thumbnail size-thumbnail wp-image-2670\" alt=\"\" srcset=\"https:\/\/www.lecomptoirjunasol.coop\/wp-content\/uploads\/2023\/02\/proximit-charte-informatique-150x150.jpg 150w, https:\/\/www.lecomptoirjunasol.coop\/wp-content\/uploads\/2023\/02\/proximit-charte-informatique-324x324.jpg 324w, https:\/\/www.lecomptoirjunasol.coop\/wp-content\/uploads\/2023\/02\/proximit-charte-informatique-100x100.jpg 100w\" sizes=\"(max-width: 150px) 100vw, 150px\" \/>\t\t\t\t\t\t\t\t<\/a>\n\t\t\t\t\t\t\t\t\t\t\t<figcaption class=\"widget-image-caption wp-caption-text\">Charte<\/figcaption>\n\t\t\t\t\t\t\t\t\t\t<\/figure>\n\t\t\t\t\t\t\t\t\t<\/div>\n\t\t\t\t<\/div>\n\t\t\t\t<div class=\"elementor-element elementor-element-77419aed elementor-widget elementor-widget-text-editor\" data-id=\"77419aed\" data-element_type=\"widget\" data-widget_type=\"text-editor.default\">\n\t\t\t\t<div class=\"elementor-widget-container\">\n\t\t\t\t\t\t\t\t\t<p>Demande de r\u00e9servation :<\/p>\t\t\t\t\t\t\t\t<\/div>\n\t\t\t\t<\/div>\n\t\t\t\t<div class=\"elementor-element elementor-element-873f198 elementor-widget elementor-widget-html\" data-id=\"873f198\" data-element_type=\"widget\" data-widget_type=\"html.default\">\n\t\t\t\t<div class=\"elementor-widget-container\">\n\t\t\t\t\t<form action=\"mailto:larriereboutiqueducomptoir@gmail.com\" method=\"post\" enctype=\"text\/plain\">\r\n  <label for=\"name\">Nom :<\/label>\r\n  <input type=\"text\" id=\"name\" name=\"Nom\"><br><br>\r\n  <label for=\"email\">Email :<\/label>\r\n  <input type=\"email\" id=\"email\" name=\"Email\"><br><br>\r\n  <label for=\"day\">Jour :<\/label>\r\n  <select id=\"day\" required>\r\n    <option value=\"Monday\">Lundi<\/option>\r\n    <option value=\"Tuesday\">Mardi<\/option>\r\n    <option value=\"Wednesday\">Mercredi<\/option>\r\n    <option value=\"Thursday\">Jeudi<\/option>\r\n    <option value=\"Friday\">Vendredi<\/option>\r\n    <option value=\"Saturday\">Samedi<\/option>\r\n  <\/select><br><br>\r\n  <label for=\"time\">Cr\u00e9neau horaire :<\/label>\r\n  <select id=\"time\" required>\r\n    <option value=\"9:00 AM\">9:00 \u00e0 12:00\r\n    <option value=\"16:30 PM\">16:30 \u00e0 19:00<\/option>\r\n    <\/option>\r\n  <\/select><br><br>\r\n  <input type=\"submit\" value=\"Envoyer\">\r\n<\/form>\r\n\t\t\t\t<\/div>\n\t\t\t\t<\/div>\n\t\t\t\t\t<\/div>\n\t\t<\/div>\n\t\t\t\t<div class=\"elementor-column elementor-col-50 elementor-top-column elementor-element elementor-element-520124c\" data-id=\"520124c\" data-element_type=\"column\">\n\t\t\t<div class=\"elementor-widget-wrap elementor-element-populated\">\n\t\t\t\t\t\t<div class=\"elementor-element elementor-element-1784904 elementor-widget elementor-widget-html\" data-id=\"1784904\" data-element_type=\"widget\" data-widget_type=\"html.default\">\n\t\t\t\t<div class=\"elementor-widget-container\">\n\t\t\t\t\t<iframe src=\"https:\/\/calendar.google.com\/calendar\/embed?src=larriereboutiqueducomptoir%40gmail.com&ctz=Europe%2FParis\" style=\"border: 0\" width=\"800\" height=\"600\" frameborder=\"0\" scrolling=\"no\"><\/iframe>\t\t\t\t<\/div>\n\t\t\t\t<\/div>\n\t\t\t\t\t<\/div>\n\t\t<\/div>\n\t\t\t\t\t<\/div>\n\t\t<\/section>\n\t\t\t\t<section class=\"elementor-section elementor-top-section elementor-element elementor-element-19b5a509 elementor-section-boxed elementor-section-height-default elementor-section-height-default\" data-id=\"19b5a509\" data-element_type=\"section\">\n\t\t\t\t\t\t<div class=\"elementor-container elementor-column-gap-default\">\n\t\t\t\t\t<div class=\"elementor-column elementor-col-100 elementor-top-column elementor-element elementor-element-638af016\" data-id=\"638af016\" data-element_type=\"column\">\n\t\t\t<div class=\"elementor-widget-wrap\">\n\t\t\t\t\t\t\t<\/div>\n\t\t<\/div>\n\t\t\t\t\t<\/div>\n\t\t<\/section>\n\t\t\t\t<section class=\"elementor-section elementor-top-section elementor-element elementor-element-2662eed elementor-section-boxed elementor-section-height-default elementor-section-height-default\" data-id=\"2662eed\" data-element_type=\"section\">\n\t\t\t\t\t\t<div class=\"elementor-container elementor-column-gap-default\">\n\t\t\t\t\t<div class=\"elementor-column elementor-col-100 elementor-top-column elementor-element elementor-element-09aafec\" data-id=\"09aafec\" data-element_type=\"column\">\n\t\t\t<div class=\"elementor-widget-wrap\">\n\t\t\t\t\t\t\t<\/div>\n\t\t<\/div>\n\t\t\t\t\t<\/div>\n\t\t<\/section>\n\t\t\t\t<\/div>\n\t\t","protected":false},"excerpt":{"rendered":"<p>Charte Demande de r\u00e9servation : Nom : Email : Jour : LundiMardiMercrediJeudiVendrediSamedi Cr\u00e9neau horaire : 9:00 \u00e0 12:0016:30 \u00e0 19:00<\/p>\n","protected":false},"author":2,"featured_media":0,"parent":0,"menu_order":0,"comment_status":"closed","ping_status":"closed","template":"","meta":{"_mc_calendar":[],"footnotes":""},"class_list":["post-945","page","type-page","status-publish","hentry"],"_links":{"self":[{"href":"https:\/\/www.lecomptoirjunasol.coop\/index.php?rest_route=\/wp\/v2\/pages\/945","targetHints":{"allow":["GET"]}}],"collection":[{"href":"https:\/\/www.lecomptoirjunasol.coop\/index.php?rest_route=\/wp\/v2\/pages"}],"about":[{"href":"https:\/\/www.lecomptoirjunasol.coop\/index.php?rest_route=\/wp\/v2\/types\/page"}],"author":[{"embeddable":true,"href":"https:\/\/www.lecomptoirjunasol.coop\/index.php?rest_route=\/wp\/v2\/users\/2"}],"replies":[{"embeddable":true,"href":"https:\/\/www.lecomptoirjunasol.coop\/index.php?rest_route=%2Fwp%2Fv2%2Fcomments&post=945"}],"version-history":[{"count":72,"href":"https:\/\/www.lecomptoirjunasol.coop\/index.php?rest_route=\/wp\/v2\/pages\/945\/revisions"}],"predecessor-version":[{"id":2699,"href":"https:\/\/www.lecomptoirjunasol.coop\/index.php?rest_route=\/wp\/v2\/pages\/945\/revisions\/2699"}],"wp:attachment":[{"href":"https:\/\/www.lecomptoirjunasol.coop\/index.php?rest_route=%2Fwp%2Fv2%2Fmedia&parent=945"}],"curies":[{"name":"wp","href":"https:\/\/api.w.org\/{rel}","templated":true}]}}